{"id":6904,"date":"2022-09-08T14:11:49","date_gmt":"2022-09-08T12:11:49","guid":{"rendered":"https:\/\/nure-design.com\/nure-productos\/reloj-nohe\/"},"modified":"2023-03-28T11:56:00","modified_gmt":"2023-03-28T09:56:00","slug":"horloge-nohe","status":"publish","type":"page","link":"https:\/\/nure-design.com\/fr\/nure-produits\/horloge-nohe\/","title":{"rendered":"Horloge NOHE"},"content":{"rendered":"\t\t<div data-elementor-type=\"wp-page\" data-elementor-id=\"6904\" class=\"elementor elementor-6904 elementor-4292\">\n\t\t\t\t\t\t\t\t\t<div class=\"elementor-section elementor-top-section elementor-element elementor-element-a436d30 elementor-section-boxed elementor-section-height-default elementor-section-height-default\" data-id=\"a436d30\" data-element_type=\"section\">\n\t\t\t\t\t\t<div class=\"elementor-container elementor-column-gap-default\">\n\t\t\t\t\t<div class=\"elementor-column elementor-col-50 elementor-top-column elementor-element elementor-element-bd50d63\" data-id=\"bd50d63\" data-element_type=\"column\">\n\t\t\t<div class=\"elementor-widget-wrap elementor-element-populated\">\n\t\t\t\t\t\t\t\t<div class=\"elementor-element elementor-element-459a599 elementor-widget elementor-widget-image\" data-id=\"459a599\" data-element_type=\"widget\" data-widget_type=\"image.default\">\n\t\t\t\t<div class=\"elementor-widget-container\">\n\t\t\t<style>\/*! elementor - v3.10.1 - 17-01-2023 *\/\n.elementor-widget-image{text-align:center}.elementor-widget-image a{display:inline-block}.elementor-widget-image a img[src$=\".svg\"]{width:48px}.elementor-widget-image img{vertical-align:middle;display:inline-block}<\/style>\t\t\t\t\t\t\t\t\t\t\t\t<img decoding=\"async\" width=\"584\" height=\"282\" src=\"https:\/\/nure-design.com\/wp-content\/uploads\/2022\/11\/RelojesNOHE.png\" class=\"attachment-large size-large wp-image-4483\" alt=\"\" loading=\"lazy\" srcset=\"https:\/\/nure-design.com\/wp-content\/uploads\/2022\/11\/RelojesNOHE.png 584w, https:\/\/nure-design.com\/wp-content\/uploads\/2022\/11\/RelojesNOHE-300x145.png 300w\" sizes=\"(max-width: 584px) 100vw, 584px\" \/>\t\t\t\t\t\t\t\t\t\t\t\t\t\t\t<\/div>\n\t\t\t\t<\/div>\n\t\t\t\t\t<\/div>\n\t\t<\/div>\n\t\t\t\t<div class=\"elementor-column elementor-col-50 elementor-top-column elementor-element elementor-element-8593170\" data-id=\"8593170\" data-element_type=\"column\">\n\t\t\t<div class=\"elementor-widget-wrap elementor-element-populated\">\n\t\t\t\t\t\t\t\t<div class=\"elementor-element elementor-element-ef102a3 elementor-widget elementor-widget-image\" data-id=\"ef102a3\" data-element_type=\"widget\" data-widget_type=\"image.default\">\n\t\t\t\t<div class=\"elementor-widget-container\">\n\t\t\t\t\t\t\t\t\t\t\t\t\t\t\t<img decoding=\"async\" width=\"300\" height=\"300\" src=\"https:\/\/nure-design.com\/wp-content\/uploads\/2020\/10\/Reloj_Nure-300x300.png\" class=\"attachment-medium size-medium wp-image-4350\" alt=\"\" loading=\"lazy\" srcset=\"https:\/\/nure-design.com\/wp-content\/uploads\/2020\/10\/Reloj_Nure-300x300.png 300w, https:\/\/nure-design.com\/wp-content\/uploads\/2020\/10\/Reloj_Nure-100x100.png 100w, https:\/\/nure-design.com\/wp-content\/uploads\/2020\/10\/Reloj_Nure-150x150.png 150w, https:\/\/nure-design.com\/wp-content\/uploads\/2020\/10\/Reloj_Nure.png 600w\" sizes=\"(max-width: 300px) 100vw, 300px\" \/>\t\t\t\t\t\t\t\t\t\t\t\t\t\t\t<\/div>\n\t\t\t\t<\/div>\n\t\t\t\t\t<\/div>\n\t\t<\/div>\n\t\t\t\t\t\t\t<\/div>\n\t\t<\/div>\n\t\t\t\t<div class=\"elementor-section elementor-top-section elementor-element elementor-element-27474a8 elementor-section-boxed elementor-section-height-default elementor-section-height-default\" data-id=\"27474a8\" data-element_type=\"section\">\n\t\t\t\t\t\t<div class=\"elementor-container elementor-column-gap-default\">\n\t\t\t\t\t<div class=\"elementor-column elementor-col-100 elementor-top-column elementor-element elementor-element-dbc123c\" data-id=\"dbc123c\" data-element_type=\"column\">\n\t\t\t<div class=\"elementor-widget-wrap elementor-element-populated\">\n\t\t\t\t\t\t\t\t<div class=\"elementor-element elementor-element-c8e062c elementor-widget elementor-widget-text-editor\" data-id=\"c8e062c\" data-element_type=\"widget\" data-widget_type=\"text-editor.default\">\n\t\t\t\t<div class=\"elementor-widget-container\">\n\t\t\t<style>\/*! elementor - v3.10.1 - 17-01-2023 *\/\n.elementor-widget-text-editor.elementor-drop-cap-view-stacked .elementor-drop-cap{background-color:#818a91;color:#fff}.elementor-widget-text-editor.elementor-drop-cap-view-framed .elementor-drop-cap{color:#818a91;border:3px solid;background-color:transparent}.elementor-widget-text-editor:not(.elementor-drop-cap-view-default) .elementor-drop-cap{margin-top:8px}.elementor-widget-text-editor:not(.elementor-drop-cap-view-default) .elementor-drop-cap-letter{width:1em;height:1em}.elementor-widget-text-editor .elementor-drop-cap{float:left;text-align:center;line-height:1;font-size:50px}.elementor-widget-text-editor .elementor-drop-cap-letter{display:inline-block}<\/style>\t\t\t\t<p><strong>L\u2019\u00e9l\u00e9gance et la simplicit\u00e9<\/strong> sont les \u00e9l\u00e9ments cl\u00e9s qui caract\u00e9risent cet accessoire mural. La finition en c\u00e9ramique disponible en plusieurs coloris aide \u00e0 cr\u00e9er un v\u00e9ritable <strong>objet de design<\/strong>, qui d\u00e9core les murs nus et conf\u00e8re<strong> personnalit\u00e9 et \u00e9l\u00e9gance<\/strong>, ainsi qu\u2019une ambiance plus accueillante. L\u2019absence de chiffres\/nombres affirme son style contemporain tout en rehaussant les couleurs de la c\u00e9ramique.<\/p><p><strong>Mat\u00e9riau<\/strong>: C\u00e9ramique.<br \/><strong>Dimensions:<\/strong><br \/><strong>\u00a0&#8211; Diam\u00e8tre (cm)<\/strong>: 52<br \/><strong>\u00a0&#8211; \u00c9paisseur (cm)<\/strong>: 3<br \/><strong>Piles<\/strong>: 1 x AA (non comprises)<\/p>\t\t\t\t\t\t<\/div>\n\t\t\t\t<\/div>\n\t\t\t\t\t<\/div>\n\t\t<\/div>\n\t\t\t\t\t\t\t<\/div>\n\t\t<\/div>\n\t\t\t\t<div class=\"elementor-section elementor-top-section elementor-element elementor-element-80be45e elementor-section-boxed elementor-section-height-default elementor-section-height-default\" data-id=\"80be45e\" data-element_type=\"section\">\n\t\t\t\t\t\t<div class=\"elementor-container elementor-column-gap-default\">\n\t\t\t\t\t<div class=\"elementor-column elementor-col-100 elementor-top-column elementor-element elementor-element-023e62d\" data-id=\"023e62d\" data-element_type=\"column\">\n\t\t\t<div class=\"elementor-widget-wrap elementor-element-populated\">\n\t\t\t\t\t\t\t\t<div class=\"elementor-element elementor-element-a78346c elementor-widget elementor-widget-image\" data-id=\"a78346c\" data-element_type=\"widget\" data-widget_type=\"image.default\">\n\t\t\t\t<div class=\"elementor-widget-container\">\n\t\t\t\t\t\t\t\t\t\t\t\t\t\t\t<img decoding=\"async\" width=\"770\" height=\"799\" src=\"https:\/\/nure-design.com\/wp-content\/uploads\/2023\/03\/ClockMedidas2-FR.png\" class=\"attachment-full size-full wp-image-8408\" alt=\"\" loading=\"lazy\" srcset=\"https:\/\/nure-design.com\/wp-content\/uploads\/2023\/03\/ClockMedidas2-FR.png 770w, https:\/\/nure-design.com\/wp-content\/uploads\/2023\/03\/ClockMedidas2-FR-289x300.png 289w, https:\/\/nure-design.com\/wp-content\/uploads\/2023\/03\/ClockMedidas2-FR-768x797.png 768w\" sizes=\"(max-width: 770px) 100vw, 770px\" \/>\t\t\t\t\t\t\t\t\t\t\t\t\t\t\t<\/div>\n\t\t\t\t<\/div>\n\t\t\t\t\t<\/div>\n\t\t<\/div>\n\t\t\t\t\t\t\t<\/div>\n\t\t<\/div>\n\t\t\t\t<div class=\"elementor-section elementor-top-section elementor-element elementor-element-37464d4 elementor-section-boxed elementor-section-height-default elementor-section-height-default\" data-id=\"37464d4\" data-element_type=\"section\">\n\t\t\t\t\t\t<div class=\"elementor-container elementor-column-gap-default\">\n\t\t\t\t\t<div class=\"elementor-column elementor-col-100 elementor-top-column elementor-element elementor-element-4b658c3\" data-id=\"4b658c3\" data-element_type=\"column\">\n\t\t\t<div class=\"elementor-widget-wrap elementor-element-populated\">\n\t\t\t\t\t\t\t\t<div class=\"elementor-element elementor-element-664fe06 elementor-align-center elementor-widget elementor-widget-button\" data-id=\"664fe06\" data-element_type=\"widget\" data-widget_type=\"button.default\">\n\t\t\t\t<div class=\"elementor-widget-container\">\n\t\t\t\t\t<div class=\"elementor-button-wrapper\">\n\t\t\t<a href=\"\/fr\/produit\/nohe-horloge\/\" class=\"elementor-button-link elementor-button elementor-size-sm\" role=\"button\">\n\t\t\t\t\t\t<span class=\"elementor-button-content-wrapper\">\n\t\t\t\t\t\t<span class=\"elementor-button-text\">R\u00c9GLER VOTRE HORLOGE NOHE<\/span>\n\t\t<\/span>\n\t\t\t\t\t<\/a>\n\t\t<\/div>\n\t\t\t\t<\/div>\n\t\t\t\t<\/div>\n\t\t\t\t\t<\/div>\n\t\t<\/div>\n\t\t\t\t\t\t\t<\/div>\n\t\t<\/div>\n\t\t\t\t\t\t\t<\/div>\n\t\t","protected":false},"excerpt":{"rendered":"<p>L\u2019\u00e9l\u00e9gance et la simplicit\u00e9 sont les \u00e9l\u00e9ments cl\u00e9s qui caract\u00e9risent cet accessoire mural. La finition en c\u00e9ramique disponible en plusieurs coloris aide \u00e0 cr\u00e9er un v\u00e9ritable objet de design, qui d\u00e9core les murs nus et conf\u00e8re personnalit\u00e9 et \u00e9l\u00e9gance, ainsi qu\u2019une ambiance plus accueillante. L\u2019absence de chiffres\/nombres affirme son style contemporain tout en rehaussant les couleurs de la c\u00e9ramique. Mat\u00e9riau:\u2026<\/p>\n","protected":false},"author":1,"featured_media":0,"parent":6901,"menu_order":0,"comment_status":"closed","ping_status":"closed","template":"","meta":[],"acf":[],"yoast_head":"<!-- This site is optimized with the Yoast SEO plugin v19.4 - https:\/\/yoast.com\/wordpress\/plugins\/seo\/ -->\n<title>horloge NOHE en c\u00e9ramique - Nure Design<\/title>\n<meta name=\"description\" content=\"Horloges design en mat\u00e9riaux c\u00e9ramiques de grande valeur esth\u00e9tique pour les environnements de cuisine, de salon, d&#039;accueil ou de bureau.\" \/>\n<meta name=\"robots\" content=\"index, follow, max-snippet:-1, max-image-preview:large, max-video-preview:-1\" \/>\n<link rel=\"canonical\" href=\"https:\/\/nure-design.com\/fr\/nure-produits\/horloge-nohe\/\" \/>\n<meta property=\"og:locale\" content=\"fr_FR\" \/>\n<meta property=\"og:type\" content=\"article\" \/>\n<meta property=\"og:title\" content=\"horloge NOHE en c\u00e9ramique - Nure Design\" \/>\n<meta property=\"og:description\" content=\"Horloges design en mat\u00e9riaux c\u00e9ramiques de grande valeur esth\u00e9tique pour les environnements de cuisine, de salon, d&#039;accueil ou de bureau.\" \/>\n<meta property=\"og:url\" content=\"https:\/\/nure-design.com\/fr\/nure-produits\/horloge-nohe\/\" \/>\n<meta property=\"og:site_name\" content=\"Nure Design\" \/>\n<meta property=\"article:modified_time\" content=\"2023-03-28T09:56:00+00:00\" \/>\n<meta property=\"og:image\" content=\"https:\/\/nure-design.com\/wp-content\/uploads\/2022\/11\/RelojesNOHE.png\" \/>\n<meta name=\"twitter:card\" content=\"summary_large_image\" \/>\n<meta name=\"twitter:label1\" content=\"Dur\u00e9e de lecture estim\u00e9e\" \/>\n\t<meta name=\"twitter:data1\" content=\"1 minute\" \/>\n<script type=\"application\/ld+json\" class=\"yoast-schema-graph\">{\"@context\":\"https:\/\/schema.org\",\"@graph\":[{\"@type\":\"WebSite\",\"@id\":\"https:\/\/nure-design.com\/fr\/#website\",\"url\":\"https:\/\/nure-design.com\/fr\/\",\"name\":\"Nure Design\",\"description\":\"Mesas y relojes de dise\u00f1o\",\"potentialAction\":[{\"@type\":\"SearchAction\",\"target\":{\"@type\":\"EntryPoint\",\"urlTemplate\":\"https:\/\/nure-design.com\/fr\/?s={search_term_string}\"},\"query-input\":\"required name=search_term_string\"}],\"inLanguage\":\"fr-FR\"},{\"@type\":\"WebPage\",\"@id\":\"https:\/\/nure-design.com\/fr\/nure-produits\/horloge-nohe\/\",\"url\":\"https:\/\/nure-design.com\/fr\/nure-produits\/horloge-nohe\/\",\"name\":\"horloge NOHE en c\u00e9ramique - Nure Design\",\"isPartOf\":{\"@id\":\"https:\/\/nure-design.com\/fr\/#website\"},\"datePublished\":\"2022-09-08T12:11:49+00:00\",\"dateModified\":\"2023-03-28T09:56:00+00:00\",\"description\":\"Horloges design en mat\u00e9riaux c\u00e9ramiques de grande valeur esth\u00e9tique pour les environnements de cuisine, de salon, d'accueil ou de bureau.\",\"breadcrumb\":{\"@id\":\"https:\/\/nure-design.com\/fr\/nure-produits\/horloge-nohe\/#breadcrumb\"},\"inLanguage\":\"fr-FR\",\"potentialAction\":[{\"@type\":\"ReadAction\",\"target\":[\"https:\/\/nure-design.com\/fr\/nure-produits\/horloge-nohe\/\"]}]},{\"@type\":\"BreadcrumbList\",\"@id\":\"https:\/\/nure-design.com\/fr\/nure-produits\/horloge-nohe\/#breadcrumb\",\"itemListElement\":[{\"@type\":\"ListItem\",\"position\":1,\"name\":\"Home\",\"item\":\"https:\/\/nure-design.com\/fr\/\"},{\"@type\":\"ListItem\",\"position\":2,\"name\":\"Produits\",\"item\":\"https:\/\/nure-design.com\/fr\/nure-produits\/\"},{\"@type\":\"ListItem\",\"position\":3,\"name\":\"Horloge NOHE\"}]}]}<\/script>\n<!-- \/ Yoast SEO plugin. -->","yoast_head_json":{"title":"horloge NOHE en c\u00e9ramique - Nure Design","description":"Horloges design en mat\u00e9riaux c\u00e9ramiques de grande valeur esth\u00e9tique pour les environnements de cuisine, de salon, d'accueil ou de bureau.","robots":{"index":"index","follow":"follow","max-snippet":"max-snippet:-1","max-image-preview":"max-image-preview:large","max-video-preview":"max-video-preview:-1"},"canonical":"https:\/\/nure-design.com\/fr\/nure-produits\/horloge-nohe\/","og_locale":"fr_FR","og_type":"article","og_title":"horloge NOHE en c\u00e9ramique - Nure Design","og_description":"Horloges design en mat\u00e9riaux c\u00e9ramiques de grande valeur esth\u00e9tique pour les environnements de cuisine, de salon, d'accueil ou de bureau.","og_url":"https:\/\/nure-design.com\/fr\/nure-produits\/horloge-nohe\/","og_site_name":"Nure Design","article_modified_time":"2023-03-28T09:56:00+00:00","og_image":[{"url":"https:\/\/nure-design.com\/wp-content\/uploads\/2022\/11\/RelojesNOHE.png"}],"twitter_card":"summary_large_image","twitter_misc":{"Dur\u00e9e de lecture estim\u00e9e":"1 minute"},"schema":{"@context":"https:\/\/schema.org","@graph":[{"@type":"WebSite","@id":"https:\/\/nure-design.com\/fr\/#website","url":"https:\/\/nure-design.com\/fr\/","name":"Nure Design","description":"Mesas y relojes de dise\u00f1o","potentialAction":[{"@type":"SearchAction","target":{"@type":"EntryPoint","urlTemplate":"https:\/\/nure-design.com\/fr\/?s={search_term_string}"},"query-input":"required name=search_term_string"}],"inLanguage":"fr-FR"},{"@type":"WebPage","@id":"https:\/\/nure-design.com\/fr\/nure-produits\/horloge-nohe\/","url":"https:\/\/nure-design.com\/fr\/nure-produits\/horloge-nohe\/","name":"horloge NOHE en c\u00e9ramique - Nure Design","isPartOf":{"@id":"https:\/\/nure-design.com\/fr\/#website"},"datePublished":"2022-09-08T12:11:49+00:00","dateModified":"2023-03-28T09:56:00+00:00","description":"Horloges design en mat\u00e9riaux c\u00e9ramiques de grande valeur esth\u00e9tique pour les environnements de cuisine, de salon, d'accueil ou de bureau.","breadcrumb":{"@id":"https:\/\/nure-design.com\/fr\/nure-produits\/horloge-nohe\/#breadcrumb"},"inLanguage":"fr-FR","potentialAction":[{"@type":"ReadAction","target":["https:\/\/nure-design.com\/fr\/nure-produits\/horloge-nohe\/"]}]},{"@type":"BreadcrumbList","@id":"https:\/\/nure-design.com\/fr\/nure-produits\/horloge-nohe\/#breadcrumb","itemListElement":[{"@type":"ListItem","position":1,"name":"Home","item":"https:\/\/nure-design.com\/fr\/"},{"@type":"ListItem","position":2,"name":"Produits","item":"https:\/\/nure-design.com\/fr\/nure-produits\/"},{"@type":"ListItem","position":3,"name":"Horloge NOHE"}]}]}},"_links":{"self":[{"href":"https:\/\/nure-design.com\/fr\/wp-json\/wp\/v2\/pages\/6904"}],"collection":[{"href":"https:\/\/nure-design.com\/fr\/wp-json\/wp\/v2\/pages"}],"about":[{"href":"https:\/\/nure-design.com\/fr\/wp-json\/wp\/v2\/types\/page"}],"author":[{"embeddable":true,"href":"https:\/\/nure-design.com\/fr\/wp-json\/wp\/v2\/users\/1"}],"replies":[{"embeddable":true,"href":"https:\/\/nure-design.com\/fr\/wp-json\/wp\/v2\/comments?post=6904"}],"version-history":[{"count":28,"href":"https:\/\/nure-design.com\/fr\/wp-json\/wp\/v2\/pages\/6904\/revisions"}],"predecessor-version":[{"id":8414,"href":"https:\/\/nure-design.com\/fr\/wp-json\/wp\/v2\/pages\/6904\/revisions\/8414"}],"up":[{"embeddable":true,"href":"https:\/\/nure-design.com\/fr\/wp-json\/wp\/v2\/pages\/6901"}],"wp:attachment":[{"href":"https:\/\/nure-design.com\/fr\/wp-json\/wp\/v2\/media?parent=6904"}],"curies":[{"name":"wp","href":"https:\/\/api.w.org\/{rel}","templated":true}]}}