{"id":6903,"date":"2022-09-08T14:02:57","date_gmt":"2022-09-08T12:02:57","guid":{"rendered":"https:\/\/nure-design.com\/nure-productos\/mesa-lua\/"},"modified":"2023-03-22T16:50:02","modified_gmt":"2023-03-22T14:50:02","slug":"table-laua","status":"publish","type":"page","link":"https:\/\/nure-design.com\/fr\/nure-produits\/table-laua\/","title":{"rendered":"Table LAUA"},"content":{"rendered":"\t\t<div data-elementor-type=\"wp-page\" data-elementor-id=\"6903\" class=\"elementor elementor-6903 elementor-4282\">\n\t\t\t\t\t\t\t\t\t<div class=\"elementor-section elementor-top-section elementor-element elementor-element-140680c elementor-section-boxed elementor-section-height-default elementor-section-height-default\" data-id=\"140680c\" data-element_type=\"section\">\n\t\t\t\t\t\t<div class=\"elementor-container elementor-column-gap-default\">\n\t\t\t\t\t<div class=\"elementor-column elementor-col-100 elementor-top-column elementor-element elementor-element-0b09756\" data-id=\"0b09756\" data-element_type=\"column\">\n\t\t\t<div class=\"elementor-widget-wrap elementor-element-populated\">\n\t\t\t\t\t\t\t\t<div class=\"elementor-element elementor-element-eb577bc elementor-widget elementor-widget-image\" data-id=\"eb577bc\" data-element_type=\"widget\" data-widget_type=\"image.default\">\n\t\t\t\t<div class=\"elementor-widget-container\">\n\t\t\t<style>\/*! elementor - v3.10.1 - 17-01-2023 *\/\n.elementor-widget-image{text-align:center}.elementor-widget-image a{display:inline-block}.elementor-widget-image a img[src$=\".svg\"]{width:48px}.elementor-widget-image img{vertical-align:middle;display:inline-block}<\/style>\t\t\t\t\t\t\t\t\t\t\t\t<img decoding=\"async\" src=\"https:\/\/nure-design.com\/wp-content\/uploads\/elementor\/thumbs\/Mesa_LUA600-q3b2kchyzz181aqj9j4x0ne7dcm17n5o9efcthc6xc.png\" title=\"Mesa_LUA600\" alt=\"Mesa_LUA600\" loading=\"lazy\" \/>\t\t\t\t\t\t\t\t\t\t\t\t\t\t\t<\/div>\n\t\t\t\t<\/div>\n\t\t\t\t\t<\/div>\n\t\t<\/div>\n\t\t\t\t\t\t\t<\/div>\n\t\t<\/div>\n\t\t\t\t<div class=\"elementor-section elementor-top-section elementor-element elementor-element-f484920 elementor-section-boxed elementor-section-height-default elementor-section-height-default\" data-id=\"f484920\" data-element_type=\"section\">\n\t\t\t\t\t\t<div class=\"elementor-container elementor-column-gap-default\">\n\t\t\t\t\t<div class=\"elementor-column elementor-col-100 elementor-top-column elementor-element elementor-element-ca20b1c\" data-id=\"ca20b1c\" data-element_type=\"column\">\n\t\t\t<div class=\"elementor-widget-wrap elementor-element-populated\">\n\t\t\t\t\t\t\t\t<div class=\"elementor-element elementor-element-46523ef elementor-widget elementor-widget-spacer\" data-id=\"46523ef\" data-element_type=\"widget\" data-widget_type=\"spacer.default\">\n\t\t\t\t<div class=\"elementor-widget-container\">\n\t\t\t<style>\/*! elementor - v3.10.1 - 17-01-2023 *\/\n.elementor-column .elementor-spacer-inner{height:var(--spacer-size)}.e-con{--container-widget-width:100%}.e-con-inner>.elementor-widget-spacer,.e-con>.elementor-widget-spacer{width:var(--container-widget-width,var(--spacer-size));--align-self:var(--container-widget-align-self,initial);--flex-shrink:0}.e-con-inner>.elementor-widget-spacer>.elementor-widget-container,.e-con-inner>.elementor-widget-spacer>.elementor-widget-container>.elementor-spacer,.e-con>.elementor-widget-spacer>.elementor-widget-container,.e-con>.elementor-widget-spacer>.elementor-widget-container>.elementor-spacer{height:100%}.e-con-inner>.elementor-widget-spacer>.elementor-widget-container>.elementor-spacer>.elementor-spacer-inner,.e-con>.elementor-widget-spacer>.elementor-widget-container>.elementor-spacer>.elementor-spacer-inner{height:var(--container-widget-height,var(--spacer-size))}<\/style>\t\t<div class=\"elementor-spacer\">\n\t\t\t<div class=\"elementor-spacer-inner\"><\/div>\n\t\t<\/div>\n\t\t\t\t<\/div>\n\t\t\t\t<\/div>\n\t\t\t\t\t<\/div>\n\t\t<\/div>\n\t\t\t\t\t\t\t<\/div>\n\t\t<\/div>\n\t\t\t\t<div class=\"elementor-section elementor-top-section elementor-element elementor-element-27474a8 elementor-section-boxed elementor-section-height-default elementor-section-height-default\" data-id=\"27474a8\" data-element_type=\"section\">\n\t\t\t\t\t\t<div class=\"elementor-container elementor-column-gap-default\">\n\t\t\t\t\t<div class=\"elementor-column elementor-col-100 elementor-top-column elementor-element elementor-element-dbc123c\" data-id=\"dbc123c\" data-element_type=\"column\">\n\t\t\t<div class=\"elementor-widget-wrap elementor-element-populated\">\n\t\t\t\t\t\t\t\t<div class=\"elementor-element elementor-element-c8e062c elementor-widget elementor-widget-text-editor\" data-id=\"c8e062c\" data-element_type=\"widget\" data-widget_type=\"text-editor.default\">\n\t\t\t\t<div class=\"elementor-widget-container\">\n\t\t\t<style>\/*! elementor - v3.10.1 - 17-01-2023 *\/\n.elementor-widget-text-editor.elementor-drop-cap-view-stacked .elementor-drop-cap{background-color:#818a91;color:#fff}.elementor-widget-text-editor.elementor-drop-cap-view-framed .elementor-drop-cap{color:#818a91;border:3px solid;background-color:transparent}.elementor-widget-text-editor:not(.elementor-drop-cap-view-default) .elementor-drop-cap{margin-top:8px}.elementor-widget-text-editor:not(.elementor-drop-cap-view-default) .elementor-drop-cap-letter{width:1em;height:1em}.elementor-widget-text-editor .elementor-drop-cap{float:left;text-align:center;line-height:1;font-size:50px}.elementor-widget-text-editor .elementor-drop-cap-letter{display:inline-block}<\/style>\t\t\t\t<p>La table LAUA est une table <strong>fixe ou extensible<\/strong> tr\u00e8s fonctionnelle, robuste et versatile. Elle pr\u00e9sente un style aux lignes minimalistes avec <strong>des pieds droits en acier \u00e0 finition en laque \u00e9poxy et un plateau de 12\u00a0mm en c\u00e9ramique<\/strong>, faisant d\u2019elle une table pratique et commode pour un usage quotidien. Gr\u00e2ce \u00e0 ses diff\u00e9rentes dimensions et finitions, la table s\u2019invite dans tous les espaces.<\/p><p>Le syst\u00e8me d\u2019extension par d\u00e9placement des pieds a une <strong>rallonge de 50\u00a0cm toujours assortie au plateau principal<\/strong>. Elle pr\u00e9sente une ouverture en forme de livre tr\u00e8s simple qui fait que la table soit tr\u00e8s pratique \u00e0 ouvrir.<\/p><p>Le plateau en c\u00e9ramique, disponible dans diff\u00e9rentes marques de r\u00e9f\u00e9rence comme Dekton ou Neolith, est un mat\u00e9riau ultra-compact qui se distingue en ce qu\u2019il est hygi\u00e9nique, antibact\u00e9rien, extr\u00eamement r\u00e9sistant \u00e0 la chaleur et aux rayures et tr\u00e8s facile \u00e0 nettoyer, faisant de lui une surface id\u00e9ale pour les <strong>espaces de cuisine, d\u2019h\u00f4tellerie ou de travail<\/strong>.<\/p><p>Son style, de formes simples et essentielles, en fait une table emplie de personnalit\u00e9 qui peut \u00e9pouser n\u2019importe quel espace et l\u2019enrichir de sa pr\u00e9sence discr\u00e8te.<\/p>\t\t\t\t\t\t<\/div>\n\t\t\t\t<\/div>\n\t\t\t\t\t<\/div>\n\t\t<\/div>\n\t\t\t\t\t\t\t<\/div>\n\t\t<\/div>\n\t\t\t\t<div class=\"elementor-section elementor-top-section elementor-element elementor-element-2abf259 elementor-section-boxed elementor-section-height-default elementor-section-height-default\" data-id=\"2abf259\" data-element_type=\"section\">\n\t\t\t\t\t\t<div class=\"elementor-container elementor-column-gap-default\">\n\t\t\t\t\t<div class=\"elementor-column elementor-col-100 elementor-top-column elementor-element elementor-element-6c6145f\" data-id=\"6c6145f\" data-element_type=\"column\">\n\t\t\t<div class=\"elementor-widget-wrap elementor-element-populated\">\n\t\t\t\t\t\t\t\t<div class=\"elementor-element elementor-element-2a56e2d elementor-widget elementor-widget-spacer\" data-id=\"2a56e2d\" data-element_type=\"widget\" data-widget_type=\"spacer.default\">\n\t\t\t\t<div class=\"elementor-widget-container\">\n\t\t\t\t\t<div class=\"elementor-spacer\">\n\t\t\t<div class=\"elementor-spacer-inner\"><\/div>\n\t\t<\/div>\n\t\t\t\t<\/div>\n\t\t\t\t<\/div>\n\t\t\t\t\t<\/div>\n\t\t<\/div>\n\t\t\t\t\t\t\t<\/div>\n\t\t<\/div>\n\t\t\t\t<div class=\"elementor-section elementor-top-section elementor-element elementor-element-a436d30 elementor-section-boxed elementor-section-height-default elementor-section-height-default\" data-id=\"a436d30\" data-element_type=\"section\">\n\t\t\t\t\t\t<div class=\"elementor-container elementor-column-gap-default\">\n\t\t\t\t\t<div class=\"elementor-column elementor-col-33 elementor-top-column elementor-element elementor-element-bd50d63\" data-id=\"bd50d63\" data-element_type=\"column\">\n\t\t\t<div class=\"elementor-widget-wrap elementor-element-populated\">\n\t\t\t\t\t\t\t\t<div class=\"elementor-element elementor-element-459a599 elementor-widget elementor-widget-image\" data-id=\"459a599\" data-element_type=\"widget\" data-widget_type=\"image.default\">\n\t\t\t\t<div class=\"elementor-widget-container\">\n\t\t\t\t\t\t\t\t\t\t\t\t\t\t\t<img decoding=\"async\" width=\"300\" height=\"200\" src=\"https:\/\/nure-design.com\/wp-content\/uploads\/2023\/01\/Mesa_LUA_detalle375-300x200.png\" class=\"attachment-medium size-medium wp-image-6289\" alt=\"\" loading=\"lazy\" srcset=\"https:\/\/nure-design.com\/wp-content\/uploads\/2023\/01\/Mesa_LUA_detalle375-300x200.png 300w, https:\/\/nure-design.com\/wp-content\/uploads\/2023\/01\/Mesa_LUA_detalle375.png 375w\" sizes=\"(max-width: 300px) 100vw, 300px\" \/>\t\t\t\t\t\t\t\t\t\t\t\t\t\t\t<\/div>\n\t\t\t\t<\/div>\n\t\t\t\t\t<\/div>\n\t\t<\/div>\n\t\t\t\t<div class=\"elementor-column elementor-col-33 elementor-top-column elementor-element elementor-element-b5afb24\" data-id=\"b5afb24\" data-element_type=\"column\">\n\t\t\t<div class=\"elementor-widget-wrap elementor-element-populated\">\n\t\t\t\t\t\t\t\t<div class=\"elementor-element elementor-element-ef102a3 elementor-widget elementor-widget-image\" data-id=\"ef102a3\" data-element_type=\"widget\" data-widget_type=\"image.default\">\n\t\t\t\t<div class=\"elementor-widget-container\">\n\t\t\t\t\t\t\t\t\t\t\t\t\t\t\t<img decoding=\"async\" width=\"300\" height=\"200\" src=\"https:\/\/nure-design.com\/wp-content\/uploads\/2022\/11\/detalle_LUA_3-300x200.png\" class=\"attachment-medium size-medium wp-image-4473\" alt=\"\" loading=\"lazy\" srcset=\"https:\/\/nure-design.com\/wp-content\/uploads\/2022\/11\/detalle_LUA_3-300x200.png 300w, https:\/\/nure-design.com\/wp-content\/uploads\/2022\/11\/detalle_LUA_3.png 375w\" sizes=\"(max-width: 300px) 100vw, 300px\" \/>\t\t\t\t\t\t\t\t\t\t\t\t\t\t\t<\/div>\n\t\t\t\t<\/div>\n\t\t\t\t\t<\/div>\n\t\t<\/div>\n\t\t\t\t<div class=\"elementor-column elementor-col-33 elementor-top-column elementor-element elementor-element-8593170\" data-id=\"8593170\" data-element_type=\"column\">\n\t\t\t<div class=\"elementor-widget-wrap elementor-element-populated\">\n\t\t\t\t\t\t\t\t<div class=\"elementor-element elementor-element-7edc708 elementor-widget elementor-widget-image\" data-id=\"7edc708\" data-element_type=\"widget\" data-widget_type=\"image.default\">\n\t\t\t\t<div class=\"elementor-widget-container\">\n\t\t\t\t\t\t\t\t\t\t\t\t\t\t\t<img decoding=\"async\" width=\"300\" height=\"200\" src=\"https:\/\/nure-design.com\/wp-content\/uploads\/2022\/11\/detalle_LUA_5-300x200.png\" class=\"attachment-medium size-medium wp-image-4475\" alt=\"\" loading=\"lazy\" srcset=\"https:\/\/nure-design.com\/wp-content\/uploads\/2022\/11\/detalle_LUA_5-300x200.png 300w, https:\/\/nure-design.com\/wp-content\/uploads\/2022\/11\/detalle_LUA_5.png 375w\" sizes=\"(max-width: 300px) 100vw, 300px\" \/>\t\t\t\t\t\t\t\t\t\t\t\t\t\t\t<\/div>\n\t\t\t\t<\/div>\n\t\t\t\t\t<\/div>\n\t\t<\/div>\n\t\t\t\t\t\t\t<\/div>\n\t\t<\/div>\n\t\t\t\t<div class=\"elementor-section elementor-top-section elementor-element elementor-element-2251579 elementor-section-boxed elementor-section-height-default elementor-section-height-default\" data-id=\"2251579\" data-element_type=\"section\">\n\t\t\t\t\t\t<div class=\"elementor-container elementor-column-gap-default\">\n\t\t\t\t\t<div class=\"elementor-column elementor-col-100 elementor-top-column elementor-element elementor-element-36adda7\" data-id=\"36adda7\" data-element_type=\"column\">\n\t\t\t<div class=\"elementor-widget-wrap elementor-element-populated\">\n\t\t\t\t\t\t\t\t<div class=\"elementor-element elementor-element-c47409a elementor-widget elementor-widget-spacer\" data-id=\"c47409a\" data-element_type=\"widget\" data-widget_type=\"spacer.default\">\n\t\t\t\t<div class=\"elementor-widget-container\">\n\t\t\t\t\t<div class=\"elementor-spacer\">\n\t\t\t<div class=\"elementor-spacer-inner\"><\/div>\n\t\t<\/div>\n\t\t\t\t<\/div>\n\t\t\t\t<\/div>\n\t\t\t\t\t<\/div>\n\t\t<\/div>\n\t\t\t\t\t\t\t<\/div>\n\t\t<\/div>\n\t\t\t\t<div class=\"elementor-section elementor-top-section elementor-element elementor-element-29759c5 elementor-section-boxed elementor-section-height-default elementor-section-height-default\" data-id=\"29759c5\" data-element_type=\"section\">\n\t\t\t\t\t\t<div class=\"elementor-container elementor-column-gap-default\">\n\t\t\t\t\t<div class=\"elementor-column elementor-col-100 elementor-top-column elementor-element elementor-element-ca9ba25\" data-id=\"ca9ba25\" data-element_type=\"column\">\n\t\t\t<div class=\"elementor-widget-wrap elementor-element-populated\">\n\t\t\t\t\t\t\t\t<div class=\"elementor-element elementor-element-02c31b2 elementor-widget elementor-widget-image\" data-id=\"02c31b2\" data-element_type=\"widget\" data-widget_type=\"image.default\">\n\t\t\t\t<div class=\"elementor-widget-container\">\n\t\t\t\t\t\t\t\t\t\t\t\t\t\t\t<img decoding=\"async\" width=\"991\" height=\"720\" src=\"https:\/\/nure-design.com\/wp-content\/uploads\/2023\/03\/Mesa-LAUA-frances.jpg\" class=\"attachment-large size-large wp-image-8148\" alt=\"\" loading=\"lazy\" srcset=\"https:\/\/nure-design.com\/wp-content\/uploads\/2023\/03\/Mesa-LAUA-frances.jpg 991w, https:\/\/nure-design.com\/wp-content\/uploads\/2023\/03\/Mesa-LAUA-frances-300x218.jpg 300w, https:\/\/nure-design.com\/wp-content\/uploads\/2023\/03\/Mesa-LAUA-frances-768x558.jpg 768w\" sizes=\"(max-width: 991px) 100vw, 991px\" \/>\t\t\t\t\t\t\t\t\t\t\t\t\t\t\t<\/div>\n\t\t\t\t<\/div>\n\t\t\t\t\t<\/div>\n\t\t<\/div>\n\t\t\t\t\t\t\t<\/div>\n\t\t<\/div>\n\t\t\t\t\t\t\t<\/div>\n\t\t","protected":false},"excerpt":{"rendered":"<p>La table LAUA est une table fixe ou extensible tr\u00e8s fonctionnelle, robuste et versatile. Elle pr\u00e9sente un style aux lignes minimalistes avec des pieds droits en acier \u00e0 finition en laque \u00e9poxy et un plateau de 12\u00a0mm en c\u00e9ramique, faisant d\u2019elle une table pratique et commode pour un usage quotidien. Gr\u00e2ce \u00e0 ses diff\u00e9rentes dimensions et finitions, la table s\u2019invite\u2026<\/p>\n","protected":false},"author":1,"featured_media":0,"parent":6901,"menu_order":0,"comment_status":"closed","ping_status":"closed","template":"","meta":[],"acf":[],"yoast_head":"<!-- This site is optimized with the Yoast SEO plugin v19.4 - https:\/\/yoast.com\/wordpress\/plugins\/seo\/ -->\n<title>Table LAUA fonctionnelle et r\u00e9sistante - Nure Design<\/title>\n<meta name=\"description\" content=\"able de cuisine \u00e0 manger, fixe ou extensible. Pieds droits en acier et plateau en c\u00e9ramique de 12 mm. Rallonge de 50cm du m\u00eame mat\u00e9riau.\" \/>\n<meta name=\"robots\" content=\"index, follow, max-snippet:-1, max-image-preview:large, max-video-preview:-1\" \/>\n<link rel=\"canonical\" href=\"https:\/\/nure-design.com\/fr\/nure-produits\/table-laua\/\" \/>\n<meta property=\"og:locale\" content=\"fr_FR\" \/>\n<meta property=\"og:type\" content=\"article\" \/>\n<meta property=\"og:title\" content=\"Table LAUA fonctionnelle et r\u00e9sistante - Nure Design\" \/>\n<meta property=\"og:description\" content=\"able de cuisine \u00e0 manger, fixe ou extensible. Pieds droits en acier et plateau en c\u00e9ramique de 12 mm. Rallonge de 50cm du m\u00eame mat\u00e9riau.\" \/>\n<meta property=\"og:url\" content=\"https:\/\/nure-design.com\/fr\/nure-produits\/table-laua\/\" \/>\n<meta property=\"og:site_name\" content=\"Nure Design\" \/>\n<meta property=\"article:modified_time\" content=\"2023-03-22T14:50:02+00:00\" \/>\n<meta property=\"og:image\" content=\"https:\/\/nure-design.com\/wp-content\/uploads\/elementor\/thumbs\/Mesa_LUA600-q3b2kchyzz181aqj9j4x0ne7dcm17n5o9efcthc6xc.png\" \/>\n<meta name=\"twitter:card\" content=\"summary_large_image\" \/>\n<meta name=\"twitter:label1\" content=\"Dur\u00e9e de lecture estim\u00e9e\" \/>\n\t<meta name=\"twitter:data1\" content=\"2 minutes\" \/>\n<script type=\"application\/ld+json\" class=\"yoast-schema-graph\">{\"@context\":\"https:\/\/schema.org\",\"@graph\":[{\"@type\":\"WebSite\",\"@id\":\"https:\/\/nure-design.com\/fr\/#website\",\"url\":\"https:\/\/nure-design.com\/fr\/\",\"name\":\"Nure Design\",\"description\":\"Mesas y relojes de dise\u00f1o\",\"potentialAction\":[{\"@type\":\"SearchAction\",\"target\":{\"@type\":\"EntryPoint\",\"urlTemplate\":\"https:\/\/nure-design.com\/fr\/?s={search_term_string}\"},\"query-input\":\"required name=search_term_string\"}],\"inLanguage\":\"fr-FR\"},{\"@type\":\"WebPage\",\"@id\":\"https:\/\/nure-design.com\/fr\/nure-produits\/table-laua\/\",\"url\":\"https:\/\/nure-design.com\/fr\/nure-produits\/table-laua\/\",\"name\":\"Table LAUA fonctionnelle et r\u00e9sistante - Nure Design\",\"isPartOf\":{\"@id\":\"https:\/\/nure-design.com\/fr\/#website\"},\"datePublished\":\"2022-09-08T12:02:57+00:00\",\"dateModified\":\"2023-03-22T14:50:02+00:00\",\"description\":\"able de cuisine \u00e0 manger, fixe ou extensible. Pieds droits en acier et plateau en c\u00e9ramique de 12 mm. Rallonge de 50cm du m\u00eame mat\u00e9riau.\",\"breadcrumb\":{\"@id\":\"https:\/\/nure-design.com\/fr\/nure-produits\/table-laua\/#breadcrumb\"},\"inLanguage\":\"fr-FR\",\"potentialAction\":[{\"@type\":\"ReadAction\",\"target\":[\"https:\/\/nure-design.com\/fr\/nure-produits\/table-laua\/\"]}]},{\"@type\":\"BreadcrumbList\",\"@id\":\"https:\/\/nure-design.com\/fr\/nure-produits\/table-laua\/#breadcrumb\",\"itemListElement\":[{\"@type\":\"ListItem\",\"position\":1,\"name\":\"Home\",\"item\":\"https:\/\/nure-design.com\/fr\/\"},{\"@type\":\"ListItem\",\"position\":2,\"name\":\"Produits\",\"item\":\"https:\/\/nure-design.com\/fr\/nure-produits\/\"},{\"@type\":\"ListItem\",\"position\":3,\"name\":\"Table LAUA\"}]}]}<\/script>\n<!-- \/ Yoast SEO plugin. -->","yoast_head_json":{"title":"Table LAUA fonctionnelle et r\u00e9sistante - Nure Design","description":"able de cuisine \u00e0 manger, fixe ou extensible. Pieds droits en acier et plateau en c\u00e9ramique de 12 mm. Rallonge de 50cm du m\u00eame mat\u00e9riau.","robots":{"index":"index","follow":"follow","max-snippet":"max-snippet:-1","max-image-preview":"max-image-preview:large","max-video-preview":"max-video-preview:-1"},"canonical":"https:\/\/nure-design.com\/fr\/nure-produits\/table-laua\/","og_locale":"fr_FR","og_type":"article","og_title":"Table LAUA fonctionnelle et r\u00e9sistante - Nure Design","og_description":"able de cuisine \u00e0 manger, fixe ou extensible. Pieds droits en acier et plateau en c\u00e9ramique de 12 mm. Rallonge de 50cm du m\u00eame mat\u00e9riau.","og_url":"https:\/\/nure-design.com\/fr\/nure-produits\/table-laua\/","og_site_name":"Nure Design","article_modified_time":"2023-03-22T14:50:02+00:00","og_image":[{"url":"https:\/\/nure-design.com\/wp-content\/uploads\/elementor\/thumbs\/Mesa_LUA600-q3b2kchyzz181aqj9j4x0ne7dcm17n5o9efcthc6xc.png"}],"twitter_card":"summary_large_image","twitter_misc":{"Dur\u00e9e de lecture estim\u00e9e":"2 minutes"},"schema":{"@context":"https:\/\/schema.org","@graph":[{"@type":"WebSite","@id":"https:\/\/nure-design.com\/fr\/#website","url":"https:\/\/nure-design.com\/fr\/","name":"Nure Design","description":"Mesas y relojes de dise\u00f1o","potentialAction":[{"@type":"SearchAction","target":{"@type":"EntryPoint","urlTemplate":"https:\/\/nure-design.com\/fr\/?s={search_term_string}"},"query-input":"required name=search_term_string"}],"inLanguage":"fr-FR"},{"@type":"WebPage","@id":"https:\/\/nure-design.com\/fr\/nure-produits\/table-laua\/","url":"https:\/\/nure-design.com\/fr\/nure-produits\/table-laua\/","name":"Table LAUA fonctionnelle et r\u00e9sistante - Nure Design","isPartOf":{"@id":"https:\/\/nure-design.com\/fr\/#website"},"datePublished":"2022-09-08T12:02:57+00:00","dateModified":"2023-03-22T14:50:02+00:00","description":"able de cuisine \u00e0 manger, fixe ou extensible. Pieds droits en acier et plateau en c\u00e9ramique de 12 mm. Rallonge de 50cm du m\u00eame mat\u00e9riau.","breadcrumb":{"@id":"https:\/\/nure-design.com\/fr\/nure-produits\/table-laua\/#breadcrumb"},"inLanguage":"fr-FR","potentialAction":[{"@type":"ReadAction","target":["https:\/\/nure-design.com\/fr\/nure-produits\/table-laua\/"]}]},{"@type":"BreadcrumbList","@id":"https:\/\/nure-design.com\/fr\/nure-produits\/table-laua\/#breadcrumb","itemListElement":[{"@type":"ListItem","position":1,"name":"Home","item":"https:\/\/nure-design.com\/fr\/"},{"@type":"ListItem","position":2,"name":"Produits","item":"https:\/\/nure-design.com\/fr\/nure-produits\/"},{"@type":"ListItem","position":3,"name":"Table LAUA"}]}]}},"_links":{"self":[{"href":"https:\/\/nure-design.com\/fr\/wp-json\/wp\/v2\/pages\/6903"}],"collection":[{"href":"https:\/\/nure-design.com\/fr\/wp-json\/wp\/v2\/pages"}],"about":[{"href":"https:\/\/nure-design.com\/fr\/wp-json\/wp\/v2\/types\/page"}],"author":[{"embeddable":true,"href":"https:\/\/nure-design.com\/fr\/wp-json\/wp\/v2\/users\/1"}],"replies":[{"embeddable":true,"href":"https:\/\/nure-design.com\/fr\/wp-json\/wp\/v2\/comments?post=6903"}],"version-history":[{"count":21,"href":"https:\/\/nure-design.com\/fr\/wp-json\/wp\/v2\/pages\/6903\/revisions"}],"predecessor-version":[{"id":8182,"href":"https:\/\/nure-design.com\/fr\/wp-json\/wp\/v2\/pages\/6903\/revisions\/8182"}],"up":[{"embeddable":true,"href":"https:\/\/nure-design.com\/fr\/wp-json\/wp\/v2\/pages\/6901"}],"wp:attachment":[{"href":"https:\/\/nure-design.com\/fr\/wp-json\/wp\/v2\/media?parent=6903"}],"curies":[{"name":"wp","href":"https:\/\/api.w.org\/{rel}","templated":true}]}}