{"id":6902,"date":"2022-08-01T10:14:21","date_gmt":"2022-08-01T08:14:21","guid":{"rendered":"https:\/\/nure-design.com\/nure-productos\/mesa-iru\/"},"modified":"2023-03-22T16:49:16","modified_gmt":"2023-03-22T14:49:16","slug":"table-miru","status":"publish","type":"page","link":"https:\/\/nure-design.com\/fr\/nure-produits\/table-miru\/","title":{"rendered":"Table MIRU"},"content":{"rendered":"\t\t<div data-elementor-type=\"wp-page\" data-elementor-id=\"6902\" class=\"elementor elementor-6902 elementor-4163\">\n\t\t\t\t\t\t\t\t\t<div class=\"elementor-section elementor-top-section elementor-element elementor-element-0f0d15c elementor-section-boxed elementor-section-height-default elementor-section-height-default\" data-id=\"0f0d15c\" data-element_type=\"section\">\n\t\t\t\t\t\t<div class=\"elementor-container elementor-column-gap-default\">\n\t\t\t\t\t<div class=\"elementor-column elementor-col-100 elementor-top-column elementor-element elementor-element-ed1b307\" data-id=\"ed1b307\" data-element_type=\"column\">\n\t\t\t<div class=\"elementor-widget-wrap elementor-element-populated\">\n\t\t\t\t\t\t\t\t<div class=\"elementor-element elementor-element-2961a61 elementor-widget elementor-widget-image\" data-id=\"2961a61\" data-element_type=\"widget\" data-widget_type=\"image.default\">\n\t\t\t\t<div class=\"elementor-widget-container\">\n\t\t\t<style>\/*! elementor - v3.10.1 - 17-01-2023 *\/\n.elementor-widget-image{text-align:center}.elementor-widget-image a{display:inline-block}.elementor-widget-image a img[src$=\".svg\"]{width:48px}.elementor-widget-image img{vertical-align:middle;display:inline-block}<\/style>\t\t\t\t\t\t\t\t\t\t\t\t<img decoding=\"async\" src=\"https:\/\/nure-design.com\/wp-content\/uploads\/elementor\/thumbs\/Mesa_IRU600-q3b2krje1blt724otpmy4jlkvijwmstdngv4hwpvzy.jpg\" title=\"Mesa MIRU Nure Design\" alt=\"Mesa MIRU Nure Design\" loading=\"lazy\" \/>\t\t\t\t\t\t\t\t\t\t\t\t\t\t\t<\/div>\n\t\t\t\t<\/div>\n\t\t\t\t\t<\/div>\n\t\t<\/div>\n\t\t\t\t\t\t\t<\/div>\n\t\t<\/div>\n\t\t\t\t<div class=\"elementor-section elementor-top-section elementor-element elementor-element-a23129c elementor-section-boxed elementor-section-height-default elementor-section-height-default\" data-id=\"a23129c\" data-element_type=\"section\">\n\t\t\t\t\t\t<div class=\"elementor-container elementor-column-gap-default\">\n\t\t\t\t\t<div class=\"elementor-column elementor-col-100 elementor-top-column elementor-element elementor-element-983891b\" data-id=\"983891b\" data-element_type=\"column\">\n\t\t\t<div class=\"elementor-widget-wrap elementor-element-populated\">\n\t\t\t\t\t\t\t\t<div class=\"elementor-element elementor-element-511f5cd elementor-widget elementor-widget-spacer\" data-id=\"511f5cd\" data-element_type=\"widget\" data-widget_type=\"spacer.default\">\n\t\t\t\t<div class=\"elementor-widget-container\">\n\t\t\t<style>\/*! elementor - v3.10.1 - 17-01-2023 *\/\n.elementor-column .elementor-spacer-inner{height:var(--spacer-size)}.e-con{--container-widget-width:100%}.e-con-inner>.elementor-widget-spacer,.e-con>.elementor-widget-spacer{width:var(--container-widget-width,var(--spacer-size));--align-self:var(--container-widget-align-self,initial);--flex-shrink:0}.e-con-inner>.elementor-widget-spacer>.elementor-widget-container,.e-con-inner>.elementor-widget-spacer>.elementor-widget-container>.elementor-spacer,.e-con>.elementor-widget-spacer>.elementor-widget-container,.e-con>.elementor-widget-spacer>.elementor-widget-container>.elementor-spacer{height:100%}.e-con-inner>.elementor-widget-spacer>.elementor-widget-container>.elementor-spacer>.elementor-spacer-inner,.e-con>.elementor-widget-spacer>.elementor-widget-container>.elementor-spacer>.elementor-spacer-inner{height:var(--container-widget-height,var(--spacer-size))}<\/style>\t\t<div class=\"elementor-spacer\">\n\t\t\t<div class=\"elementor-spacer-inner\"><\/div>\n\t\t<\/div>\n\t\t\t\t<\/div>\n\t\t\t\t<\/div>\n\t\t\t\t\t<\/div>\n\t\t<\/div>\n\t\t\t\t\t\t\t<\/div>\n\t\t<\/div>\n\t\t\t\t<div class=\"elementor-section elementor-top-section elementor-element elementor-element-27474a8 elementor-section-boxed elementor-section-height-default elementor-section-height-default\" data-id=\"27474a8\" data-element_type=\"section\">\n\t\t\t\t\t\t<div class=\"elementor-container elementor-column-gap-default\">\n\t\t\t\t\t<div class=\"elementor-column elementor-col-100 elementor-top-column elementor-element elementor-element-dbc123c\" data-id=\"dbc123c\" data-element_type=\"column\">\n\t\t\t<div class=\"elementor-widget-wrap elementor-element-populated\">\n\t\t\t\t\t\t\t\t<div class=\"elementor-element elementor-element-c8e062c elementor-widget elementor-widget-text-editor\" data-id=\"c8e062c\" data-element_type=\"widget\" data-widget_type=\"text-editor.default\">\n\t\t\t\t<div class=\"elementor-widget-container\">\n\t\t\t<style>\/*! elementor - v3.10.1 - 17-01-2023 *\/\n.elementor-widget-text-editor.elementor-drop-cap-view-stacked .elementor-drop-cap{background-color:#818a91;color:#fff}.elementor-widget-text-editor.elementor-drop-cap-view-framed .elementor-drop-cap{color:#818a91;border:3px solid;background-color:transparent}.elementor-widget-text-editor:not(.elementor-drop-cap-view-default) .elementor-drop-cap{margin-top:8px}.elementor-widget-text-editor:not(.elementor-drop-cap-view-default) .elementor-drop-cap-letter{width:1em;height:1em}.elementor-widget-text-editor .elementor-drop-cap{float:left;text-align:center;line-height:1;font-size:50px}.elementor-widget-text-editor .elementor-drop-cap-letter{display:inline-block}<\/style>\t\t\t\t<p>La table MIRU est disponible en deux formats : <strong>rectangulaire et ovale<\/strong>. Dans les deux cas, la table est fixe. Elle se caract\u00e9rise par une combinaison harmonieuse entre <strong>les pieds inclin\u00e9s en acier \u00e0 finition en laque \u00e9poxy et le fin plateau de 6 ou 8 mm en c\u00e9ramique sur une base en bouleau<\/strong>. Ces deux parties se d\u00e9clinent en diff\u00e9rentes couleurs, ce qui permet au client de trouver la combinaison qui lui pla\u00eet le plus ou de les assortir au comptoir de cuisine.<\/p><p>Le plateau en c\u00e9ramique, disponible dans diff\u00e9rentes marques de r\u00e9f\u00e9rence comme Dekton ou Neolith, est une surface tr\u00e8s r\u00e9sistante aux rayures et \u00e0 la chaleur. Comme il est exempt de pore, il est extr\u00eamement facile \u00e0 nettoyer. C\u2019est pourquoi ses caract\u00e9ristiques en font une surface parfaite pour les espaces de cuisine, d\u2019h\u00f4tellerie ou de travail.<\/p><p>Gr\u00e2ce \u00e0 sa forme, rectangulaire ou ovale, elle se marie avec n\u2019importe quel style et espace, cr\u00e9ant une ambiance chaleureuse et accueillante pour se retrouver en famille, entre amis ou au travail. Les diff\u00e9rents choix de couleurs et finitions apportent une touche \u00e9l\u00e9gante \u00e0 une table qui peut servir de table de cuisine ou de salle \u00e0 manger ou encore de bureau sous forme de home office avec une belle esth\u00e9tique.<\/p>\t\t\t\t\t\t<\/div>\n\t\t\t\t<\/div>\n\t\t\t\t\t<\/div>\n\t\t<\/div>\n\t\t\t\t\t\t\t<\/div>\n\t\t<\/div>\n\t\t\t\t<div class=\"elementor-section elementor-top-section elementor-element elementor-element-137f8a9 elementor-section-boxed elementor-section-height-default elementor-section-height-default\" data-id=\"137f8a9\" data-element_type=\"section\">\n\t\t\t\t\t\t<div class=\"elementor-container elementor-column-gap-default\">\n\t\t\t\t\t<div class=\"elementor-column elementor-col-100 elementor-top-column elementor-element elementor-element-67f0f73\" data-id=\"67f0f73\" data-element_type=\"column\">\n\t\t\t<div class=\"elementor-widget-wrap elementor-element-populated\">\n\t\t\t\t\t\t\t\t<div class=\"elementor-element elementor-element-a222efa elementor-widget elementor-widget-spacer\" data-id=\"a222efa\" data-element_type=\"widget\" data-widget_type=\"spacer.default\">\n\t\t\t\t<div class=\"elementor-widget-container\">\n\t\t\t\t\t<div class=\"elementor-spacer\">\n\t\t\t<div class=\"elementor-spacer-inner\"><\/div>\n\t\t<\/div>\n\t\t\t\t<\/div>\n\t\t\t\t<\/div>\n\t\t\t\t\t<\/div>\n\t\t<\/div>\n\t\t\t\t\t\t\t<\/div>\n\t\t<\/div>\n\t\t\t\t<div class=\"elementor-section elementor-top-section elementor-element elementor-element-5c7066f elementor-section-boxed elementor-section-height-default elementor-section-height-default\" data-id=\"5c7066f\" data-element_type=\"section\">\n\t\t\t\t\t\t<div class=\"elementor-container elementor-column-gap-default\">\n\t\t\t\t\t<div class=\"elementor-column elementor-col-33 elementor-top-column elementor-element elementor-element-9917ca6\" data-id=\"9917ca6\" data-element_type=\"column\">\n\t\t\t<div class=\"elementor-widget-wrap elementor-element-populated\">\n\t\t\t\t\t\t\t\t<div class=\"elementor-element elementor-element-0bc14b9 elementor-widget elementor-widget-image\" data-id=\"0bc14b9\" data-element_type=\"widget\" data-widget_type=\"image.default\">\n\t\t\t\t<div class=\"elementor-widget-container\">\n\t\t\t\t\t\t\t\t\t\t\t\t\t\t\t<img decoding=\"async\" width=\"300\" height=\"211\" src=\"https:\/\/nure-design.com\/wp-content\/uploads\/2022\/11\/detalleIRU_3-e1675156129884-300x211.png\" class=\"attachment-medium size-medium wp-image-4462\" alt=\"\" loading=\"lazy\" srcset=\"https:\/\/nure-design.com\/wp-content\/uploads\/2022\/11\/detalleIRU_3-e1675156129884-300x211.png 300w, https:\/\/nure-design.com\/wp-content\/uploads\/2022\/11\/detalleIRU_3-e1675156129884.png 354w\" sizes=\"(max-width: 300px) 100vw, 300px\" \/>\t\t\t\t\t\t\t\t\t\t\t\t\t\t\t<\/div>\n\t\t\t\t<\/div>\n\t\t\t\t\t<\/div>\n\t\t<\/div>\n\t\t\t\t<div class=\"elementor-column elementor-col-33 elementor-top-column elementor-element elementor-element-b9b018b\" data-id=\"b9b018b\" data-element_type=\"column\">\n\t\t\t<div class=\"elementor-widget-wrap elementor-element-populated\">\n\t\t\t\t\t\t\t\t<div class=\"elementor-element elementor-element-d4a164b elementor-widget elementor-widget-image\" data-id=\"d4a164b\" data-element_type=\"widget\" data-widget_type=\"image.default\">\n\t\t\t\t<div class=\"elementor-widget-container\">\n\t\t\t\t\t\t\t\t\t\t\t\t\t\t\t<img decoding=\"async\" width=\"300\" height=\"200\" src=\"https:\/\/nure-design.com\/wp-content\/uploads\/2022\/11\/detalleIRU_1-300x200.png\" class=\"attachment-medium size-medium wp-image-4460\" alt=\"\" loading=\"lazy\" \/>\t\t\t\t\t\t\t\t\t\t\t\t\t\t\t<\/div>\n\t\t\t\t<\/div>\n\t\t\t\t\t<\/div>\n\t\t<\/div>\n\t\t\t\t<div class=\"elementor-column elementor-col-33 elementor-top-column elementor-element elementor-element-31f140b\" data-id=\"31f140b\" data-element_type=\"column\">\n\t\t\t<div class=\"elementor-widget-wrap elementor-element-populated\">\n\t\t\t\t\t\t\t\t<div class=\"elementor-element elementor-element-d8fb087 elementor-widget elementor-widget-image\" data-id=\"d8fb087\" data-element_type=\"widget\" data-widget_type=\"image.default\">\n\t\t\t\t<div class=\"elementor-widget-container\">\n\t\t\t\t\t\t\t\t\t\t\t\t\t\t\t<img decoding=\"async\" width=\"300\" height=\"200\" src=\"https:\/\/nure-design.com\/wp-content\/uploads\/2022\/11\/detalleIRU_2-300x200.png\" class=\"attachment-medium size-medium wp-image-4461\" alt=\"\" loading=\"lazy\" srcset=\"https:\/\/nure-design.com\/wp-content\/uploads\/2022\/11\/detalleIRU_2-300x200.png 300w, https:\/\/nure-design.com\/wp-content\/uploads\/2022\/11\/detalleIRU_2.png 375w\" sizes=\"(max-width: 300px) 100vw, 300px\" \/>\t\t\t\t\t\t\t\t\t\t\t\t\t\t\t<\/div>\n\t\t\t\t<\/div>\n\t\t\t\t\t<\/div>\n\t\t<\/div>\n\t\t\t\t\t\t\t<\/div>\n\t\t<\/div>\n\t\t\t\t<div class=\"elementor-section elementor-top-section elementor-element elementor-element-4791ca5 elementor-section-boxed elementor-section-height-default elementor-section-height-default\" data-id=\"4791ca5\" data-element_type=\"section\">\n\t\t\t\t\t\t<div class=\"elementor-container elementor-column-gap-default\">\n\t\t\t\t\t<div class=\"elementor-column elementor-col-100 elementor-top-column elementor-element elementor-element-df38448\" data-id=\"df38448\" data-element_type=\"column\">\n\t\t\t<div class=\"elementor-widget-wrap elementor-element-populated\">\n\t\t\t\t\t\t\t\t<div class=\"elementor-element elementor-element-a6afa07 elementor-widget elementor-widget-spacer\" data-id=\"a6afa07\" data-element_type=\"widget\" data-widget_type=\"spacer.default\">\n\t\t\t\t<div class=\"elementor-widget-container\">\n\t\t\t\t\t<div class=\"elementor-spacer\">\n\t\t\t<div class=\"elementor-spacer-inner\"><\/div>\n\t\t<\/div>\n\t\t\t\t<\/div>\n\t\t\t\t<\/div>\n\t\t\t\t\t<\/div>\n\t\t<\/div>\n\t\t\t\t\t\t\t<\/div>\n\t\t<\/div>\n\t\t\t\t<div class=\"elementor-section elementor-top-section elementor-element elementor-element-29759c5 elementor-section-boxed elementor-section-height-default elementor-section-height-default\" data-id=\"29759c5\" data-element_type=\"section\">\n\t\t\t\t\t\t<div class=\"elementor-container elementor-column-gap-default\">\n\t\t\t\t\t<div class=\"elementor-column elementor-col-100 elementor-top-column elementor-element elementor-element-ca9ba25\" data-id=\"ca9ba25\" data-element_type=\"column\">\n\t\t\t<div class=\"elementor-widget-wrap elementor-element-populated\">\n\t\t\t\t\t\t\t\t<div class=\"elementor-element elementor-element-02c31b2 elementor-widget elementor-widget-image\" data-id=\"02c31b2\" data-element_type=\"widget\" data-widget_type=\"image.default\">\n\t\t\t\t<div class=\"elementor-widget-container\">\n\t\t\t\t\t\t\t\t\t\t\t\t\t\t\t<img decoding=\"async\" width=\"831\" height=\"720\" src=\"https:\/\/nure-design.com\/wp-content\/uploads\/2023\/03\/Mesa-MIRU-frances.jpg\" class=\"attachment-large size-large wp-image-8140\" alt=\"\" loading=\"lazy\" srcset=\"https:\/\/nure-design.com\/wp-content\/uploads\/2023\/03\/Mesa-MIRU-frances.jpg 831w, https:\/\/nure-design.com\/wp-content\/uploads\/2023\/03\/Mesa-MIRU-frances-300x260.jpg 300w, https:\/\/nure-design.com\/wp-content\/uploads\/2023\/03\/Mesa-MIRU-frances-768x665.jpg 768w\" sizes=\"(max-width: 831px) 100vw, 831px\" \/>\t\t\t\t\t\t\t\t\t\t\t\t\t\t\t<\/div>\n\t\t\t\t<\/div>\n\t\t\t\t\t<\/div>\n\t\t<\/div>\n\t\t\t\t\t\t\t<\/div>\n\t\t<\/div>\n\t\t\t\t\t\t\t<\/div>\n\t\t","protected":false},"excerpt":{"rendered":"<p>La table MIRU est disponible en deux formats : rectangulaire et ovale. Dans les deux cas, la table est fixe. Elle se caract\u00e9rise par une combinaison harmonieuse entre les pieds inclin\u00e9s en acier \u00e0 finition en laque \u00e9poxy et le fin plateau de 6 ou 8 mm en c\u00e9ramique sur une base en bouleau. Ces deux parties se d\u00e9clinent en\u2026<\/p>\n","protected":false},"author":1,"featured_media":0,"parent":6901,"menu_order":0,"comment_status":"closed","ping_status":"closed","template":"","meta":[],"acf":[],"yoast_head":"<!-- This site is optimized with the Yoast SEO plugin v19.4 - https:\/\/yoast.com\/wordpress\/plugins\/seo\/ -->\n<title>Style et simplicit\u00e9 de la table MIRU - Nure Design<\/title>\n<meta name=\"description\" content=\"Table design, disponible en formats rectangulaire et ovale. Comptoir en c\u00e9ramique. Id\u00e9al pour le salon, la salle \u00e0 manger, l&#039;hospitalit\u00e9 et le bureau.\" \/>\n<meta name=\"robots\" content=\"index, follow, max-snippet:-1, max-image-preview:large, max-video-preview:-1\" \/>\n<link rel=\"canonical\" href=\"https:\/\/nure-design.com\/fr\/nure-produits\/table-miru\/\" \/>\n<meta property=\"og:locale\" content=\"fr_FR\" \/>\n<meta property=\"og:type\" content=\"article\" \/>\n<meta property=\"og:title\" content=\"Style et simplicit\u00e9 de la table MIRU - Nure Design\" \/>\n<meta property=\"og:description\" content=\"Table design, disponible en formats rectangulaire et ovale. Comptoir en c\u00e9ramique. Id\u00e9al pour le salon, la salle \u00e0 manger, l&#039;hospitalit\u00e9 et le bureau.\" \/>\n<meta property=\"og:url\" content=\"https:\/\/nure-design.com\/fr\/nure-produits\/table-miru\/\" \/>\n<meta property=\"og:site_name\" content=\"Nure Design\" \/>\n<meta property=\"article:modified_time\" content=\"2023-03-22T14:49:16+00:00\" \/>\n<meta property=\"og:image\" content=\"https:\/\/nure-design.com\/wp-content\/uploads\/elementor\/thumbs\/Mesa_IRU600-q3b2krje1blt724otpmy4jlkvijwmstdngv4hwpvzy.jpg\" \/>\n<meta name=\"twitter:card\" content=\"summary_large_image\" \/>\n<meta name=\"twitter:label1\" content=\"Dur\u00e9e de lecture estim\u00e9e\" \/>\n\t<meta name=\"twitter:data1\" content=\"3 minutes\" \/>\n<script type=\"application\/ld+json\" class=\"yoast-schema-graph\">{\"@context\":\"https:\/\/schema.org\",\"@graph\":[{\"@type\":\"WebSite\",\"@id\":\"https:\/\/nure-design.com\/fr\/#website\",\"url\":\"https:\/\/nure-design.com\/fr\/\",\"name\":\"Nure Design\",\"description\":\"Mesas y relojes de dise\u00f1o\",\"potentialAction\":[{\"@type\":\"SearchAction\",\"target\":{\"@type\":\"EntryPoint\",\"urlTemplate\":\"https:\/\/nure-design.com\/fr\/?s={search_term_string}\"},\"query-input\":\"required name=search_term_string\"}],\"inLanguage\":\"fr-FR\"},{\"@type\":\"WebPage\",\"@id\":\"https:\/\/nure-design.com\/fr\/nure-produits\/table-miru\/\",\"url\":\"https:\/\/nure-design.com\/fr\/nure-produits\/table-miru\/\",\"name\":\"Style et simplicit\u00e9 de la table MIRU - Nure Design\",\"isPartOf\":{\"@id\":\"https:\/\/nure-design.com\/fr\/#website\"},\"datePublished\":\"2022-08-01T08:14:21+00:00\",\"dateModified\":\"2023-03-22T14:49:16+00:00\",\"description\":\"Table design, disponible en formats rectangulaire et ovale. Comptoir en c\u00e9ramique. Id\u00e9al pour le salon, la salle \u00e0 manger, l'hospitalit\u00e9 et le bureau.\",\"breadcrumb\":{\"@id\":\"https:\/\/nure-design.com\/fr\/nure-produits\/table-miru\/#breadcrumb\"},\"inLanguage\":\"fr-FR\",\"potentialAction\":[{\"@type\":\"ReadAction\",\"target\":[\"https:\/\/nure-design.com\/fr\/nure-produits\/table-miru\/\"]}]},{\"@type\":\"BreadcrumbList\",\"@id\":\"https:\/\/nure-design.com\/fr\/nure-produits\/table-miru\/#breadcrumb\",\"itemListElement\":[{\"@type\":\"ListItem\",\"position\":1,\"name\":\"Home\",\"item\":\"https:\/\/nure-design.com\/fr\/\"},{\"@type\":\"ListItem\",\"position\":2,\"name\":\"Produits\",\"item\":\"https:\/\/nure-design.com\/fr\/nure-produits\/\"},{\"@type\":\"ListItem\",\"position\":3,\"name\":\"Table MIRU\"}]}]}<\/script>\n<!-- \/ Yoast SEO plugin. -->","yoast_head_json":{"title":"Style et simplicit\u00e9 de la table MIRU - Nure Design","description":"Table design, disponible en formats rectangulaire et ovale. Comptoir en c\u00e9ramique. Id\u00e9al pour le salon, la salle \u00e0 manger, l'hospitalit\u00e9 et le bureau.","robots":{"index":"index","follow":"follow","max-snippet":"max-snippet:-1","max-image-preview":"max-image-preview:large","max-video-preview":"max-video-preview:-1"},"canonical":"https:\/\/nure-design.com\/fr\/nure-produits\/table-miru\/","og_locale":"fr_FR","og_type":"article","og_title":"Style et simplicit\u00e9 de la table MIRU - Nure Design","og_description":"Table design, disponible en formats rectangulaire et ovale. Comptoir en c\u00e9ramique. Id\u00e9al pour le salon, la salle \u00e0 manger, l'hospitalit\u00e9 et le bureau.","og_url":"https:\/\/nure-design.com\/fr\/nure-produits\/table-miru\/","og_site_name":"Nure Design","article_modified_time":"2023-03-22T14:49:16+00:00","og_image":[{"url":"https:\/\/nure-design.com\/wp-content\/uploads\/elementor\/thumbs\/Mesa_IRU600-q3b2krje1blt724otpmy4jlkvijwmstdngv4hwpvzy.jpg"}],"twitter_card":"summary_large_image","twitter_misc":{"Dur\u00e9e de lecture estim\u00e9e":"3 minutes"},"schema":{"@context":"https:\/\/schema.org","@graph":[{"@type":"WebSite","@id":"https:\/\/nure-design.com\/fr\/#website","url":"https:\/\/nure-design.com\/fr\/","name":"Nure Design","description":"Mesas y relojes de dise\u00f1o","potentialAction":[{"@type":"SearchAction","target":{"@type":"EntryPoint","urlTemplate":"https:\/\/nure-design.com\/fr\/?s={search_term_string}"},"query-input":"required name=search_term_string"}],"inLanguage":"fr-FR"},{"@type":"WebPage","@id":"https:\/\/nure-design.com\/fr\/nure-produits\/table-miru\/","url":"https:\/\/nure-design.com\/fr\/nure-produits\/table-miru\/","name":"Style et simplicit\u00e9 de la table MIRU - Nure Design","isPartOf":{"@id":"https:\/\/nure-design.com\/fr\/#website"},"datePublished":"2022-08-01T08:14:21+00:00","dateModified":"2023-03-22T14:49:16+00:00","description":"Table design, disponible en formats rectangulaire et ovale. Comptoir en c\u00e9ramique. Id\u00e9al pour le salon, la salle \u00e0 manger, l'hospitalit\u00e9 et le bureau.","breadcrumb":{"@id":"https:\/\/nure-design.com\/fr\/nure-produits\/table-miru\/#breadcrumb"},"inLanguage":"fr-FR","potentialAction":[{"@type":"ReadAction","target":["https:\/\/nure-design.com\/fr\/nure-produits\/table-miru\/"]}]},{"@type":"BreadcrumbList","@id":"https:\/\/nure-design.com\/fr\/nure-produits\/table-miru\/#breadcrumb","itemListElement":[{"@type":"ListItem","position":1,"name":"Home","item":"https:\/\/nure-design.com\/fr\/"},{"@type":"ListItem","position":2,"name":"Produits","item":"https:\/\/nure-design.com\/fr\/nure-produits\/"},{"@type":"ListItem","position":3,"name":"Table MIRU"}]}]}},"_links":{"self":[{"href":"https:\/\/nure-design.com\/fr\/wp-json\/wp\/v2\/pages\/6902"}],"collection":[{"href":"https:\/\/nure-design.com\/fr\/wp-json\/wp\/v2\/pages"}],"about":[{"href":"https:\/\/nure-design.com\/fr\/wp-json\/wp\/v2\/types\/page"}],"author":[{"embeddable":true,"href":"https:\/\/nure-design.com\/fr\/wp-json\/wp\/v2\/users\/1"}],"replies":[{"embeddable":true,"href":"https:\/\/nure-design.com\/fr\/wp-json\/wp\/v2\/comments?post=6902"}],"version-history":[{"count":21,"href":"https:\/\/nure-design.com\/fr\/wp-json\/wp\/v2\/pages\/6902\/revisions"}],"predecessor-version":[{"id":8179,"href":"https:\/\/nure-design.com\/fr\/wp-json\/wp\/v2\/pages\/6902\/revisions\/8179"}],"up":[{"embeddable":true,"href":"https:\/\/nure-design.com\/fr\/wp-json\/wp\/v2\/pages\/6901"}],"wp:attachment":[{"href":"https:\/\/nure-design.com\/fr\/wp-json\/wp\/v2\/media?parent=6902"}],"curies":[{"name":"wp","href":"https:\/\/api.w.org\/{rel}","templated":true}]}}