{"id":6898,"date":"2023-01-19T14:53:53","date_gmt":"2023-01-19T12:53:53","guid":{"rendered":"https:\/\/nure-design.com\/mesas\/"},"modified":"2023-03-22T17:06:14","modified_gmt":"2023-03-22T15:06:14","slug":"tables","status":"publish","type":"page","link":"https:\/\/nure-design.com\/fr\/tables\/","title":{"rendered":"Tables"},"content":{"rendered":"\t\t<div data-elementor-type=\"wp-page\" data-elementor-id=\"6898\" class=\"elementor elementor-6898 elementor-4868\">\n\t\t\t\t\t\t\t\t\t<div class=\"elementor-section elementor-top-section elementor-element elementor-element-2455632 elementor-section-boxed elementor-section-height-default elementor-section-height-default\" data-id=\"2455632\" data-element_type=\"section\">\n\t\t\t\t\t\t<div class=\"elementor-container elementor-column-gap-default\">\n\t\t\t\t\t<div class=\"elementor-column elementor-col-100 elementor-top-column elementor-element elementor-element-548910a\" data-id=\"548910a\" data-element_type=\"column\">\n\t\t\t<div class=\"elementor-widget-wrap elementor-element-populated\">\n\t\t\t\t\t\t\t\t<div class=\"elementor-element elementor-element-73cd5ef elementor-widget elementor-widget-text-editor\" data-id=\"73cd5ef\" data-element_type=\"widget\" data-widget_type=\"text-editor.default\">\n\t\t\t\t<div class=\"elementor-widget-container\">\n\t\t\t<style>\/*! elementor - v3.10.1 - 17-01-2023 *\/\n.elementor-widget-text-editor.elementor-drop-cap-view-stacked .elementor-drop-cap{background-color:#818a91;color:#fff}.elementor-widget-text-editor.elementor-drop-cap-view-framed .elementor-drop-cap{color:#818a91;border:3px solid;background-color:transparent}.elementor-widget-text-editor:not(.elementor-drop-cap-view-default) .elementor-drop-cap{margin-top:8px}.elementor-widget-text-editor:not(.elementor-drop-cap-view-default) .elementor-drop-cap-letter{width:1em;height:1em}.elementor-widget-text-editor .elementor-drop-cap{float:left;text-align:center;line-height:1;font-size:50px}.elementor-widget-text-editor .elementor-drop-cap-letter{display:inline-block}<\/style>\t\t\t\t<p>Nure design compte actuellement deux mod\u00e8les de tables: la table <strong>MIRU<\/strong> et la table <strong>LAUA<\/strong>.<\/p>\t\t\t\t\t\t<\/div>\n\t\t\t\t<\/div>\n\t\t\t\t\t<\/div>\n\t\t<\/div>\n\t\t\t\t\t\t\t<\/div>\n\t\t<\/div>\n\t\t\t\t<div class=\"elementor-section elementor-top-section elementor-element elementor-element-ef5a498 elementor-section-boxed elementor-section-height-default elementor-section-height-default\" data-id=\"ef5a498\" data-element_type=\"section\">\n\t\t\t\t\t\t<div class=\"elementor-container elementor-column-gap-custom\">\n\t\t\t\t\t<div class=\"elementor-column elementor-col-50 elementor-top-column elementor-element elementor-element-9b62ee9\" data-id=\"9b62ee9\" data-element_type=\"column\">\n\t\t\t<div class=\"elementor-widget-wrap elementor-element-populated\">\n\t\t\t\t\t\t\t\t<div class=\"elementor-element elementor-element-bd0758d elementor-widget elementor-widget-novaworks-banner\" data-id=\"bd0758d\" data-element_type=\"widget\" data-widget_type=\"novaworks-banner.default\">\n\t\t\t\t<div class=\"elementor-widget-container\">\n\t\t\t<figure class=\"novaworks-banner nova-lazyload-image novaworks-effect-hidden-content\" data-background-image=\"https:\/\/nure-design.com\/wp-content\/uploads\/2023\/03\/MIRU_table.png\"><div class=\"novaworks-banner__overlay\"><\/div><img decoding=\"async\" src=\"data:image\/gif;base64,R0lGODlhAQABAIAAAP\/\/\/wAAACH5BAEAAAAALAAAAAABAAEAAAICRAEAOw==\" data-src=\"https:\/\/nure-design.com\/wp-content\/uploads\/2023\/03\/MIRU_table.png\" alt=\"\" loading=\"lazy\" class=\"nova-lazyload-image novaworks-banner__img\" width=\"584\" height=\"752\" srcset=\"data:image\/gif;base64,R0lGODlhAQABAIAAAP\/\/\/wAAACH5BAEAAAAALAAAAAABAAEAAAICRAEAOw==\"><figcaption class=\"novaworks-banner__content\"><div class=\"novaworks-banner__content-wrap\"><\/div><a href=\"\/fr\/nure-produits\/table-miru\/\" class=\"novaworks-banner__link\"><\/a><\/figcaption><\/figure>\n\t\t<\/div>\n\t\t\t\t<\/div>\n\t\t\t\t\t<\/div>\n\t\t<\/div>\n\t\t\t\t<div class=\"elementor-column elementor-col-50 elementor-top-column elementor-element elementor-element-7b1d6a6\" data-id=\"7b1d6a6\" data-element_type=\"column\">\n\t\t\t<div class=\"elementor-widget-wrap elementor-element-populated\">\n\t\t\t\t\t\t\t\t<div class=\"elementor-element elementor-element-dfd4923 elementor-widget elementor-widget-novaworks-banner\" data-id=\"dfd4923\" data-element_type=\"widget\" data-widget_type=\"novaworks-banner.default\">\n\t\t\t\t<div class=\"elementor-widget-container\">\n\t\t\t<figure class=\"novaworks-banner nova-lazyload-image novaworks-effect-hidden-content\" data-background-image=\"https:\/\/nure-design.com\/wp-content\/uploads\/2023\/03\/LAUA_table-233x300.png\"><div class=\"novaworks-banner__overlay\"><\/div><img decoding=\"async\" src=\"data:image\/gif;base64,R0lGODlhAQABAIAAAP\/\/\/wAAACH5BAEAAAAALAAAAAABAAEAAAICRAEAOw==\" data-src=\"https:\/\/nure-design.com\/wp-content\/uploads\/2023\/03\/LAUA_table.png\" alt=\"\" loading=\"lazy\" class=\"nova-lazyload-image novaworks-banner__img\" width=\"584\" height=\"752\" srcset=\"data:image\/gif;base64,R0lGODlhAQABAIAAAP\/\/\/wAAACH5BAEAAAAALAAAAAABAAEAAAICRAEAOw==\"><figcaption class=\"novaworks-banner__content\"><div class=\"novaworks-banner__content-wrap\"><\/div><a href=\"\/fr\/nure-produits\/table-laua\/\" class=\"novaworks-banner__link\"><\/a><\/figcaption><\/figure>\n\t\t<\/div>\n\t\t\t\t<\/div>\n\t\t\t\t\t<\/div>\n\t\t<\/div>\n\t\t\t\t\t\t\t<\/div>\n\t\t<\/div>\n\t\t\t\t<div class=\"elementor-section elementor-top-section elementor-element elementor-element-925d883 elementor-section-boxed elementor-section-height-default elementor-section-height-default\" data-id=\"925d883\" data-element_type=\"section\">\n\t\t\t\t\t\t<div class=\"elementor-container elementor-column-gap-default\">\n\t\t\t\t\t<div class=\"elementor-column elementor-col-100 elementor-top-column elementor-element elementor-element-16b195b\" data-id=\"16b195b\" data-element_type=\"column\">\n\t\t\t<div class=\"elementor-widget-wrap elementor-element-populated\">\n\t\t\t\t\t\t\t\t<div class=\"elementor-element elementor-element-df1ce06 elementor-widget elementor-widget-text-editor\" data-id=\"df1ce06\" data-element_type=\"widget\" data-widget_type=\"text-editor.default\">\n\t\t\t\t<div class=\"elementor-widget-container\">\n\t\t\t\t\t\t\t<p>Toutes deux sont compos\u00e9es d\u2019un <strong>plateau en c\u00e9ramique,<\/strong> mat\u00e9riau principal que travaille la marque. La c\u00e9ramique, d\u2019une part, est un mat\u00e9riau d\u2019excellentes qualit\u00e9s (r\u00e9sistant aux temp\u00e9ratures hautes et basses, aux rayures et aux taches, aux rayons UV\u00a0; facilit\u00e9 d\u2019entretien et imperm\u00e9able) et, d\u2019autre part, elle se d\u00e9cline en une large gamme de coloris et textures, ce qui permet de cr\u00e9er une table \u00e0 la fois r\u00e9sistante et \u00e9l\u00e9gante.<\/p><p><strong>Les pieds<\/strong> des deux mod\u00e8les sont en<strong> acier \u00e0 finition en laque \u00e9poxy<\/strong>, disponible en cinq coloris diff\u00e9rents.<\/p><p>Le style de chaque mod\u00e8le est diff\u00e9rent. D\u2019un c\u00f4t\u00e9, nous avons la table MIRU, une table fixe aux pieds inclin\u00e9s (de forme rectangulaire ou ovale) et, de l\u2019autre, la table LAUA qui peut \u00eatre une table fixe ou extensible, \u00e0 pieds droits dans ce cas. La rallonge est aussi en c\u00e9ramique, toujours assortie au plateau.<\/p><p>Les deux mod\u00e8les s\u2019int\u00e8grent harmonieusement \u00e0 diff\u00e9rents espaces et permettent au client de cr\u00e9er la combinaison la plus adapt\u00e9e \u00e0 son int\u00e9rieur ou \u00e0 son lieu de travail.<\/p>\t\t\t\t\t\t<\/div>\n\t\t\t\t<\/div>\n\t\t\t\t\t<\/div>\n\t\t<\/div>\n\t\t\t\t\t\t\t<\/div>\n\t\t<\/div>\n\t\t\t\t\t\t\t<\/div>\n\t\t","protected":false},"excerpt":{"rendered":"<p>Nure design compte actuellement deux mod\u00e8les de tables: la table MIRU et la table LAUA. Toutes deux sont compos\u00e9es d\u2019un plateau en c\u00e9ramique, mat\u00e9riau principal que travaille la marque. La c\u00e9ramique, d\u2019une part, est un mat\u00e9riau d\u2019excellentes qualit\u00e9s (r\u00e9sistant aux temp\u00e9ratures hautes et basses, aux rayures et aux taches, aux rayons UV\u00a0; facilit\u00e9 d\u2019entretien et imperm\u00e9able) et, d\u2019autre part, elle\u2026<\/p>\n","protected":false},"author":1,"featured_media":0,"parent":0,"menu_order":0,"comment_status":"closed","ping_status":"closed","template":"","meta":[],"acf":[],"yoast_head":"<!-- This site is optimized with the Yoast SEO plugin v19.4 - https:\/\/yoast.com\/wordpress\/plugins\/seo\/ -->\n<title>Tables design en c\u00e9ramique - Nure Design<\/title>\n<meta name=\"description\" content=\"Tables fonctionnelles et design, avec plateau en c\u00e9ramique pour la cuisine, le salon, l&#039;h\u00f4tellerie ou le bureau.\" \/>\n<meta name=\"robots\" content=\"index, follow, max-snippet:-1, max-image-preview:large, max-video-preview:-1\" \/>\n<link rel=\"canonical\" href=\"https:\/\/nure-design.com\/fr\/tables\/\" \/>\n<meta property=\"og:locale\" content=\"fr_FR\" \/>\n<meta property=\"og:type\" content=\"article\" \/>\n<meta property=\"og:title\" content=\"Tables design en c\u00e9ramique - Nure Design\" \/>\n<meta property=\"og:description\" content=\"Tables fonctionnelles et design, avec plateau en c\u00e9ramique pour la cuisine, le salon, l&#039;h\u00f4tellerie ou le bureau.\" \/>\n<meta property=\"og:url\" content=\"https:\/\/nure-design.com\/fr\/tables\/\" \/>\n<meta property=\"og:site_name\" content=\"Nure Design\" \/>\n<meta property=\"article:modified_time\" content=\"2023-03-22T15:06:14+00:00\" \/>\n<meta name=\"twitter:card\" content=\"summary_large_image\" \/>\n<meta name=\"twitter:label1\" content=\"Dur\u00e9e de lecture estim\u00e9e\" \/>\n\t<meta name=\"twitter:data1\" content=\"2 minutes\" \/>\n<script type=\"application\/ld+json\" class=\"yoast-schema-graph\">{\"@context\":\"https:\/\/schema.org\",\"@graph\":[{\"@type\":\"WebSite\",\"@id\":\"https:\/\/nure-design.com\/fr\/#website\",\"url\":\"https:\/\/nure-design.com\/fr\/\",\"name\":\"Nure Design\",\"description\":\"Mesas y relojes de dise\u00f1o\",\"potentialAction\":[{\"@type\":\"SearchAction\",\"target\":{\"@type\":\"EntryPoint\",\"urlTemplate\":\"https:\/\/nure-design.com\/fr\/?s={search_term_string}\"},\"query-input\":\"required name=search_term_string\"}],\"inLanguage\":\"fr-FR\"},{\"@type\":\"WebPage\",\"@id\":\"https:\/\/nure-design.com\/fr\/tables\/\",\"url\":\"https:\/\/nure-design.com\/fr\/tables\/\",\"name\":\"Tables design en c\u00e9ramique - Nure Design\",\"isPartOf\":{\"@id\":\"https:\/\/nure-design.com\/fr\/#website\"},\"datePublished\":\"2023-01-19T12:53:53+00:00\",\"dateModified\":\"2023-03-22T15:06:14+00:00\",\"description\":\"Tables fonctionnelles et design, avec plateau en c\u00e9ramique pour la cuisine, le salon, l'h\u00f4tellerie ou le bureau.\",\"breadcrumb\":{\"@id\":\"https:\/\/nure-design.com\/fr\/tables\/#breadcrumb\"},\"inLanguage\":\"fr-FR\",\"potentialAction\":[{\"@type\":\"ReadAction\",\"target\":[\"https:\/\/nure-design.com\/fr\/tables\/\"]}]},{\"@type\":\"BreadcrumbList\",\"@id\":\"https:\/\/nure-design.com\/fr\/tables\/#breadcrumb\",\"itemListElement\":[{\"@type\":\"ListItem\",\"position\":1,\"name\":\"Home\",\"item\":\"https:\/\/nure-design.com\/fr\/\"},{\"@type\":\"ListItem\",\"position\":2,\"name\":\"Tables\"}]}]}<\/script>\n<!-- \/ Yoast SEO plugin. -->","yoast_head_json":{"title":"Tables design en c\u00e9ramique - Nure Design","description":"Tables fonctionnelles et design, avec plateau en c\u00e9ramique pour la cuisine, le salon, l'h\u00f4tellerie ou le bureau.","robots":{"index":"index","follow":"follow","max-snippet":"max-snippet:-1","max-image-preview":"max-image-preview:large","max-video-preview":"max-video-preview:-1"},"canonical":"https:\/\/nure-design.com\/fr\/tables\/","og_locale":"fr_FR","og_type":"article","og_title":"Tables design en c\u00e9ramique - Nure Design","og_description":"Tables fonctionnelles et design, avec plateau en c\u00e9ramique pour la cuisine, le salon, l'h\u00f4tellerie ou le bureau.","og_url":"https:\/\/nure-design.com\/fr\/tables\/","og_site_name":"Nure Design","article_modified_time":"2023-03-22T15:06:14+00:00","twitter_card":"summary_large_image","twitter_misc":{"Dur\u00e9e de lecture estim\u00e9e":"2 minutes"},"schema":{"@context":"https:\/\/schema.org","@graph":[{"@type":"WebSite","@id":"https:\/\/nure-design.com\/fr\/#website","url":"https:\/\/nure-design.com\/fr\/","name":"Nure Design","description":"Mesas y relojes de dise\u00f1o","potentialAction":[{"@type":"SearchAction","target":{"@type":"EntryPoint","urlTemplate":"https:\/\/nure-design.com\/fr\/?s={search_term_string}"},"query-input":"required name=search_term_string"}],"inLanguage":"fr-FR"},{"@type":"WebPage","@id":"https:\/\/nure-design.com\/fr\/tables\/","url":"https:\/\/nure-design.com\/fr\/tables\/","name":"Tables design en c\u00e9ramique - Nure Design","isPartOf":{"@id":"https:\/\/nure-design.com\/fr\/#website"},"datePublished":"2023-01-19T12:53:53+00:00","dateModified":"2023-03-22T15:06:14+00:00","description":"Tables fonctionnelles et design, avec plateau en c\u00e9ramique pour la cuisine, le salon, l'h\u00f4tellerie ou le bureau.","breadcrumb":{"@id":"https:\/\/nure-design.com\/fr\/tables\/#breadcrumb"},"inLanguage":"fr-FR","potentialAction":[{"@type":"ReadAction","target":["https:\/\/nure-design.com\/fr\/tables\/"]}]},{"@type":"BreadcrumbList","@id":"https:\/\/nure-design.com\/fr\/tables\/#breadcrumb","itemListElement":[{"@type":"ListItem","position":1,"name":"Home","item":"https:\/\/nure-design.com\/fr\/"},{"@type":"ListItem","position":2,"name":"Tables"}]}]}},"_links":{"self":[{"href":"https:\/\/nure-design.com\/fr\/wp-json\/wp\/v2\/pages\/6898"}],"collection":[{"href":"https:\/\/nure-design.com\/fr\/wp-json\/wp\/v2\/pages"}],"about":[{"href":"https:\/\/nure-design.com\/fr\/wp-json\/wp\/v2\/types\/page"}],"author":[{"embeddable":true,"href":"https:\/\/nure-design.com\/fr\/wp-json\/wp\/v2\/users\/1"}],"replies":[{"embeddable":true,"href":"https:\/\/nure-design.com\/fr\/wp-json\/wp\/v2\/comments?post=6898"}],"version-history":[{"count":19,"href":"https:\/\/nure-design.com\/fr\/wp-json\/wp\/v2\/pages\/6898\/revisions"}],"predecessor-version":[{"id":8213,"href":"https:\/\/nure-design.com\/fr\/wp-json\/wp\/v2\/pages\/6898\/revisions\/8213"}],"wp:attachment":[{"href":"https:\/\/nure-design.com\/fr\/wp-json\/wp\/v2\/media?parent=6898"}],"curies":[{"name":"wp","href":"https:\/\/api.w.org\/{rel}","templated":true}]}}