{"id":6747,"date":"2023-01-19T14:53:53","date_gmt":"2023-01-19T12:53:53","guid":{"rendered":"https:\/\/nure-design.com\/mesas\/"},"modified":"2023-03-22T17:04:39","modified_gmt":"2023-03-22T15:04:39","slug":"mahaiak","status":"publish","type":"page","link":"https:\/\/nure-design.com\/eu\/mahaiak\/","title":{"rendered":"Mahaiak"},"content":{"rendered":"\t\t<div data-elementor-type=\"wp-page\" data-elementor-id=\"6747\" class=\"elementor elementor-6747 elementor-4868\">\n\t\t\t\t\t\t\t\t\t<div class=\"elementor-section elementor-top-section elementor-element elementor-element-0599340 elementor-section-boxed elementor-section-height-default elementor-section-height-default\" data-id=\"0599340\" data-element_type=\"section\">\n\t\t\t\t\t\t<div class=\"elementor-container elementor-column-gap-custom\">\n\t\t\t\t\t<div class=\"elementor-column elementor-col-50 elementor-top-column elementor-element elementor-element-627ba5c\" data-id=\"627ba5c\" data-element_type=\"column\">\n\t\t\t<div class=\"elementor-widget-wrap elementor-element-populated\">\n\t\t\t\t\t\t\t\t<div class=\"elementor-element elementor-element-53ff3a6 elementor-widget elementor-widget-novaworks-banner\" data-id=\"53ff3a6\" data-element_type=\"widget\" data-widget_type=\"novaworks-banner.default\">\n\t\t\t\t<div class=\"elementor-widget-container\">\n\t\t\t<figure class=\"novaworks-banner nova-lazyload-image novaworks-effect-hidden-content\" data-background-image=\"https:\/\/nure-design.com\/wp-content\/uploads\/2023\/03\/MIRU_mahaia.png\"><div class=\"novaworks-banner__overlay\"><\/div><img decoding=\"async\" src=\"data:image\/gif;base64,R0lGODlhAQABAIAAAP\/\/\/wAAACH5BAEAAAAALAAAAAABAAEAAAICRAEAOw==\" data-src=\"https:\/\/nure-design.com\/wp-content\/uploads\/2023\/03\/MIRU_mahaia.png\" alt=\"\" loading=\"lazy\" class=\"nova-lazyload-image novaworks-banner__img\" width=\"584\" height=\"752\" srcset=\"data:image\/gif;base64,R0lGODlhAQABAIAAAP\/\/\/wAAACH5BAEAAAAALAAAAAABAAEAAAICRAEAOw==\"><figcaption class=\"novaworks-banner__content\"><div class=\"novaworks-banner__content-wrap\"><\/div><a href=\"\/eu\/nure-produktuak\/miru-mahaia\/\" class=\"novaworks-banner__link\"><\/a><\/figcaption><\/figure>\n\t\t<\/div>\n\t\t\t\t<\/div>\n\t\t\t\t\t<\/div>\n\t\t<\/div>\n\t\t\t\t<div class=\"elementor-column elementor-col-50 elementor-top-column elementor-element elementor-element-9ea7c7a\" data-id=\"9ea7c7a\" data-element_type=\"column\">\n\t\t\t<div class=\"elementor-widget-wrap elementor-element-populated\">\n\t\t\t\t\t\t\t\t<div class=\"elementor-element elementor-element-6cc0246 elementor-widget elementor-widget-novaworks-banner\" data-id=\"6cc0246\" data-element_type=\"widget\" data-widget_type=\"novaworks-banner.default\">\n\t\t\t\t<div class=\"elementor-widget-container\">\n\t\t\t<figure class=\"novaworks-banner nova-lazyload-image novaworks-effect-hidden-content\" data-background-image=\"https:\/\/nure-design.com\/wp-content\/uploads\/2023\/03\/LAUA_mahaia-233x300.png\"><div class=\"novaworks-banner__overlay\"><\/div><img decoding=\"async\" src=\"data:image\/gif;base64,R0lGODlhAQABAIAAAP\/\/\/wAAACH5BAEAAAAALAAAAAABAAEAAAICRAEAOw==\" data-src=\"https:\/\/nure-design.com\/wp-content\/uploads\/2023\/03\/LAUA_mahaia.png\" alt=\"\" loading=\"lazy\" class=\"nova-lazyload-image novaworks-banner__img\" width=\"584\" height=\"752\" srcset=\"data:image\/gif;base64,R0lGODlhAQABAIAAAP\/\/\/wAAACH5BAEAAAAALAAAAAABAAEAAAICRAEAOw==\"><figcaption class=\"novaworks-banner__content\"><div class=\"novaworks-banner__content-wrap\"><\/div><a href=\"\/eu\/nure-produktuak\/laua-mahaia\/\" class=\"novaworks-banner__link\"><\/a><\/figcaption><\/figure>\n\t\t<\/div>\n\t\t\t\t<\/div>\n\t\t\t\t\t<\/div>\n\t\t<\/div>\n\t\t\t\t\t\t\t<\/div>\n\t\t<\/div>\n\t\t\t\t<div class=\"elementor-section elementor-top-section elementor-element elementor-element-2455632 elementor-section-boxed elementor-section-height-default elementor-section-height-default\" data-id=\"2455632\" data-element_type=\"section\">\n\t\t\t\t\t\t<div class=\"elementor-container elementor-column-gap-default\">\n\t\t\t\t\t<div class=\"elementor-column elementor-col-100 elementor-top-column elementor-element elementor-element-548910a\" data-id=\"548910a\" data-element_type=\"column\">\n\t\t\t<div class=\"elementor-widget-wrap elementor-element-populated\">\n\t\t\t\t\t\t\t\t<div class=\"elementor-element elementor-element-73cd5ef elementor-widget elementor-widget-text-editor\" data-id=\"73cd5ef\" data-element_type=\"widget\" data-widget_type=\"text-editor.default\">\n\t\t\t\t<div class=\"elementor-widget-container\">\n\t\t\t<style>\/*! elementor - v3.10.1 - 17-01-2023 *\/\n.elementor-widget-text-editor.elementor-drop-cap-view-stacked .elementor-drop-cap{background-color:#818a91;color:#fff}.elementor-widget-text-editor.elementor-drop-cap-view-framed .elementor-drop-cap{color:#818a91;border:3px solid;background-color:transparent}.elementor-widget-text-editor:not(.elementor-drop-cap-view-default) .elementor-drop-cap{margin-top:8px}.elementor-widget-text-editor:not(.elementor-drop-cap-view-default) .elementor-drop-cap-letter{width:1em;height:1em}.elementor-widget-text-editor .elementor-drop-cap{float:left;text-align:center;line-height:1;font-size:50px}.elementor-widget-text-editor .elementor-drop-cap-letter{display:inline-block}<\/style>\t\t\t\t<p>Gaur egun, Nure Designek bi mahai eredu ditu: <strong>MIRU<\/strong> mahaia eta <strong>LAUA<\/strong> mahaia.<\/p>\t\t\t\t\t\t<\/div>\n\t\t\t\t<\/div>\n\t\t\t\t\t<\/div>\n\t\t<\/div>\n\t\t\t\t\t\t\t<\/div>\n\t\t<\/div>\n\t\t\t\t<div class=\"elementor-section elementor-top-section elementor-element elementor-element-925d883 elementor-section-boxed elementor-section-height-default elementor-section-height-default\" data-id=\"925d883\" data-element_type=\"section\">\n\t\t\t\t\t\t<div class=\"elementor-container elementor-column-gap-default\">\n\t\t\t\t\t<div class=\"elementor-column elementor-col-100 elementor-top-column elementor-element elementor-element-16b195b\" data-id=\"16b195b\" data-element_type=\"column\">\n\t\t\t<div class=\"elementor-widget-wrap elementor-element-populated\">\n\t\t\t\t\t\t\t\t<div class=\"elementor-element elementor-element-df1ce06 elementor-widget elementor-widget-text-editor\" data-id=\"df1ce06\" data-element_type=\"widget\" data-widget_type=\"text-editor.default\">\n\t\t\t\t<div class=\"elementor-widget-container\">\n\t\t\t\t\t\t\t<p>Biek <strong>zeramikazko estalkia<\/strong> dute. Material horrekin egiten du lan markak. Zeramika, alde batetik, ezaugarri bikainak dituen materiala da (erresistentea da tenperatura altu eta baxuekiko, marra eta orbanekiko, eta izpi ultramoreekiko, eta garbitzen erraza eta iragazgaitza da); bestetik, kolore eta testuren aukera zabala eskaintzen du, eta horrek aukera ematen du mahai iraunkor eta aldi berean dotorea sortzeko.<\/p><p>Bi modeloen <strong>hankak<\/strong> altzairuzkoak dira, eta <strong>epoxi-lakatuzko akabera dute<\/strong>, bost koloretan eskuragai.<\/p><p>Modelo bakoitzaren diseinua desberdina da. Alde batetik, MIRU mahaia dugu; mahai finkoa da eta hankak inklinatuta ditu (formatu angeluzuzena edo obalatua). Bestalde, LAUA mahaia dugu, mahai finkoa edo luzagarria izan daitekeena, hanka zuzenekin. Luzatutako zatia ere zeramikazkoa da, estalkia bezala.<\/p><p>Bi modeloak ondo egokitzen dira hainbat girotara, eta aukera ematen diote bezeroari bere etxera edo lantokira hobekien egokitzen den konbinazioa diseinatzeko.<\/p>\t\t\t\t\t\t<\/div>\n\t\t\t\t<\/div>\n\t\t\t\t\t<\/div>\n\t\t<\/div>\n\t\t\t\t\t\t\t<\/div>\n\t\t<\/div>\n\t\t\t\t\t\t\t<\/div>\n\t\t","protected":false},"excerpt":{"rendered":"<p>Gaur egun, Nure Designek bi mahai eredu ditu: MIRU mahaia eta LAUA mahaia. Biek zeramikazko estalkia dute. Material horrekin egiten du lan markak. Zeramika, alde batetik, ezaugarri bikainak dituen materiala da (erresistentea da tenperatura altu eta baxuekiko, marra eta orbanekiko, eta izpi ultramoreekiko, eta garbitzen erraza eta iragazgaitza da); bestetik, kolore eta testuren aukera zabala eskaintzen du, eta horrek aukera\u2026<\/p>\n","protected":false},"author":1,"featured_media":0,"parent":0,"menu_order":0,"comment_status":"closed","ping_status":"closed","template":"","meta":[],"acf":[],"yoast_head":"<!-- This site is optimized with the Yoast SEO plugin v19.4 - https:\/\/yoast.com\/wordpress\/plugins\/seo\/ -->\n<title>Diseinuzko mahaiak- Zeramikazkoak - Nure Design<\/title>\n<meta name=\"description\" content=\"Mesas funcionales y de dise\u00f1o, con tapa de cer\u00e1mica para ambientes de cocina, sal\u00f3n, hosteler\u00eda u oficina.\" \/>\n<meta name=\"robots\" content=\"index, follow, max-snippet:-1, max-image-preview:large, max-video-preview:-1\" \/>\n<link rel=\"canonical\" href=\"https:\/\/nure-design.com\/eu\/mahaiak\/\" \/>\n<meta property=\"og:locale\" content=\"eu_ES\" \/>\n<meta property=\"og:type\" content=\"article\" \/>\n<meta property=\"og:title\" content=\"Diseinuzko mahaiak- Zeramikazkoak - Nure Design\" \/>\n<meta property=\"og:description\" content=\"Mesas funcionales y de dise\u00f1o, con tapa de cer\u00e1mica para ambientes de cocina, sal\u00f3n, hosteler\u00eda u oficina.\" \/>\n<meta property=\"og:url\" content=\"https:\/\/nure-design.com\/eu\/mahaiak\/\" \/>\n<meta property=\"og:site_name\" content=\"Nure Design\" \/>\n<meta property=\"article:modified_time\" content=\"2023-03-22T15:04:39+00:00\" \/>\n<meta name=\"twitter:card\" content=\"summary_large_image\" \/>\n<meta name=\"twitter:label1\" content=\"Est. reading time\" \/>\n\t<meta name=\"twitter:data1\" content=\"2 minutes\" \/>\n<script type=\"application\/ld+json\" class=\"yoast-schema-graph\">{\"@context\":\"https:\/\/schema.org\",\"@graph\":[{\"@type\":\"WebSite\",\"@id\":\"https:\/\/nure-design.com\/eu\/#website\",\"url\":\"https:\/\/nure-design.com\/eu\/\",\"name\":\"Nure Design\",\"description\":\"Mesas y relojes de dise\u00f1o\",\"potentialAction\":[{\"@type\":\"SearchAction\",\"target\":{\"@type\":\"EntryPoint\",\"urlTemplate\":\"https:\/\/nure-design.com\/eu\/?s={search_term_string}\"},\"query-input\":\"required name=search_term_string\"}],\"inLanguage\":\"eu-ES\"},{\"@type\":\"WebPage\",\"@id\":\"https:\/\/nure-design.com\/eu\/mahaiak\/\",\"url\":\"https:\/\/nure-design.com\/eu\/mahaiak\/\",\"name\":\"Diseinuzko mahaiak- Zeramikazkoak - Nure Design\",\"isPartOf\":{\"@id\":\"https:\/\/nure-design.com\/eu\/#website\"},\"datePublished\":\"2023-01-19T12:53:53+00:00\",\"dateModified\":\"2023-03-22T15:04:39+00:00\",\"description\":\"Mesas funcionales y de dise\u00f1o, con tapa de cer\u00e1mica para ambientes de cocina, sal\u00f3n, hosteler\u00eda u oficina.\",\"breadcrumb\":{\"@id\":\"https:\/\/nure-design.com\/eu\/mahaiak\/#breadcrumb\"},\"inLanguage\":\"eu-ES\",\"potentialAction\":[{\"@type\":\"ReadAction\",\"target\":[\"https:\/\/nure-design.com\/eu\/mahaiak\/\"]}]},{\"@type\":\"BreadcrumbList\",\"@id\":\"https:\/\/nure-design.com\/eu\/mahaiak\/#breadcrumb\",\"itemListElement\":[{\"@type\":\"ListItem\",\"position\":1,\"name\":\"Home\",\"item\":\"https:\/\/nure-design.com\/eu\/\"},{\"@type\":\"ListItem\",\"position\":2,\"name\":\"Mahaiak\"}]}]}<\/script>\n<!-- \/ Yoast SEO plugin. -->","yoast_head_json":{"title":"Diseinuzko mahaiak- Zeramikazkoak - Nure Design","description":"Mesas funcionales y de dise\u00f1o, con tapa de cer\u00e1mica para ambientes de cocina, sal\u00f3n, hosteler\u00eda u oficina.","robots":{"index":"index","follow":"follow","max-snippet":"max-snippet:-1","max-image-preview":"max-image-preview:large","max-video-preview":"max-video-preview:-1"},"canonical":"https:\/\/nure-design.com\/eu\/mahaiak\/","og_locale":"eu_ES","og_type":"article","og_title":"Diseinuzko mahaiak- Zeramikazkoak - Nure Design","og_description":"Mesas funcionales y de dise\u00f1o, con tapa de cer\u00e1mica para ambientes de cocina, sal\u00f3n, hosteler\u00eda u oficina.","og_url":"https:\/\/nure-design.com\/eu\/mahaiak\/","og_site_name":"Nure Design","article_modified_time":"2023-03-22T15:04:39+00:00","twitter_card":"summary_large_image","twitter_misc":{"Est. reading time":"2 minutes"},"schema":{"@context":"https:\/\/schema.org","@graph":[{"@type":"WebSite","@id":"https:\/\/nure-design.com\/eu\/#website","url":"https:\/\/nure-design.com\/eu\/","name":"Nure Design","description":"Mesas y relojes de dise\u00f1o","potentialAction":[{"@type":"SearchAction","target":{"@type":"EntryPoint","urlTemplate":"https:\/\/nure-design.com\/eu\/?s={search_term_string}"},"query-input":"required name=search_term_string"}],"inLanguage":"eu-ES"},{"@type":"WebPage","@id":"https:\/\/nure-design.com\/eu\/mahaiak\/","url":"https:\/\/nure-design.com\/eu\/mahaiak\/","name":"Diseinuzko mahaiak- Zeramikazkoak - Nure Design","isPartOf":{"@id":"https:\/\/nure-design.com\/eu\/#website"},"datePublished":"2023-01-19T12:53:53+00:00","dateModified":"2023-03-22T15:04:39+00:00","description":"Mesas funcionales y de dise\u00f1o, con tapa de cer\u00e1mica para ambientes de cocina, sal\u00f3n, hosteler\u00eda u oficina.","breadcrumb":{"@id":"https:\/\/nure-design.com\/eu\/mahaiak\/#breadcrumb"},"inLanguage":"eu-ES","potentialAction":[{"@type":"ReadAction","target":["https:\/\/nure-design.com\/eu\/mahaiak\/"]}]},{"@type":"BreadcrumbList","@id":"https:\/\/nure-design.com\/eu\/mahaiak\/#breadcrumb","itemListElement":[{"@type":"ListItem","position":1,"name":"Home","item":"https:\/\/nure-design.com\/eu\/"},{"@type":"ListItem","position":2,"name":"Mahaiak"}]}]}},"_links":{"self":[{"href":"https:\/\/nure-design.com\/eu\/wp-json\/wp\/v2\/pages\/6747"}],"collection":[{"href":"https:\/\/nure-design.com\/eu\/wp-json\/wp\/v2\/pages"}],"about":[{"href":"https:\/\/nure-design.com\/eu\/wp-json\/wp\/v2\/types\/page"}],"author":[{"embeddable":true,"href":"https:\/\/nure-design.com\/eu\/wp-json\/wp\/v2\/users\/1"}],"replies":[{"embeddable":true,"href":"https:\/\/nure-design.com\/eu\/wp-json\/wp\/v2\/comments?post=6747"}],"version-history":[{"count":25,"href":"https:\/\/nure-design.com\/eu\/wp-json\/wp\/v2\/pages\/6747\/revisions"}],"predecessor-version":[{"id":8210,"href":"https:\/\/nure-design.com\/eu\/wp-json\/wp\/v2\/pages\/6747\/revisions\/8210"}],"wp:attachment":[{"href":"https:\/\/nure-design.com\/eu\/wp-json\/wp\/v2\/media?parent=6747"}],"curies":[{"name":"wp","href":"https:\/\/api.w.org\/{rel}","templated":true}]}}