{"id":6698,"date":"2022-09-08T14:11:49","date_gmt":"2022-09-08T12:11:49","guid":{"rendered":"https:\/\/nure-design.com\/reloj-nohe\/"},"modified":"2023-03-28T11:55:09","modified_gmt":"2023-03-28T09:55:09","slug":"nohe-erlojua","status":"publish","type":"page","link":"https:\/\/nure-design.com\/eu\/nure-produktuak\/nohe-erlojua\/","title":{"rendered":"NOHE Erlojua"},"content":{"rendered":"\t\t<div data-elementor-type=\"wp-page\" data-elementor-id=\"6698\" class=\"elementor elementor-6698 elementor-4292\">\n\t\t\t\t\t\t\t\t\t<div class=\"elementor-section elementor-top-section elementor-element elementor-element-a436d30 elementor-section-boxed elementor-section-height-default elementor-section-height-default\" data-id=\"a436d30\" data-element_type=\"section\">\n\t\t\t\t\t\t<div class=\"elementor-container elementor-column-gap-default\">\n\t\t\t\t\t<div class=\"elementor-column elementor-col-50 elementor-top-column elementor-element elementor-element-bd50d63\" data-id=\"bd50d63\" data-element_type=\"column\">\n\t\t\t<div class=\"elementor-widget-wrap elementor-element-populated\">\n\t\t\t\t\t\t\t\t<div class=\"elementor-element elementor-element-459a599 elementor-widget elementor-widget-image\" data-id=\"459a599\" data-element_type=\"widget\" data-widget_type=\"image.default\">\n\t\t\t\t<div class=\"elementor-widget-container\">\n\t\t\t<style>\/*! elementor - v3.10.1 - 17-01-2023 *\/\n.elementor-widget-image{text-align:center}.elementor-widget-image a{display:inline-block}.elementor-widget-image a img[src$=\".svg\"]{width:48px}.elementor-widget-image img{vertical-align:middle;display:inline-block}<\/style>\t\t\t\t\t\t\t\t\t\t\t\t<img decoding=\"async\" width=\"584\" height=\"282\" src=\"https:\/\/nure-design.com\/wp-content\/uploads\/2022\/11\/RelojesNOHE.png\" class=\"attachment-large size-large wp-image-4483\" alt=\"\" loading=\"lazy\" srcset=\"https:\/\/nure-design.com\/wp-content\/uploads\/2022\/11\/RelojesNOHE.png 584w, https:\/\/nure-design.com\/wp-content\/uploads\/2022\/11\/RelojesNOHE-300x145.png 300w\" sizes=\"(max-width: 584px) 100vw, 584px\" \/>\t\t\t\t\t\t\t\t\t\t\t\t\t\t\t<\/div>\n\t\t\t\t<\/div>\n\t\t\t\t\t<\/div>\n\t\t<\/div>\n\t\t\t\t<div class=\"elementor-column elementor-col-50 elementor-top-column elementor-element elementor-element-8593170\" data-id=\"8593170\" data-element_type=\"column\">\n\t\t\t<div class=\"elementor-widget-wrap elementor-element-populated\">\n\t\t\t\t\t\t\t\t<div class=\"elementor-element elementor-element-ef102a3 elementor-widget elementor-widget-image\" data-id=\"ef102a3\" data-element_type=\"widget\" data-widget_type=\"image.default\">\n\t\t\t\t<div class=\"elementor-widget-container\">\n\t\t\t\t\t\t\t\t\t\t\t\t\t\t\t<img decoding=\"async\" width=\"300\" height=\"300\" src=\"https:\/\/nure-design.com\/wp-content\/uploads\/2020\/10\/Reloj_Nure-300x300.png\" class=\"attachment-medium size-medium wp-image-4350\" alt=\"\" loading=\"lazy\" srcset=\"https:\/\/nure-design.com\/wp-content\/uploads\/2020\/10\/Reloj_Nure-300x300.png 300w, https:\/\/nure-design.com\/wp-content\/uploads\/2020\/10\/Reloj_Nure-100x100.png 100w, https:\/\/nure-design.com\/wp-content\/uploads\/2020\/10\/Reloj_Nure-150x150.png 150w, https:\/\/nure-design.com\/wp-content\/uploads\/2020\/10\/Reloj_Nure.png 600w\" sizes=\"(max-width: 300px) 100vw, 300px\" \/>\t\t\t\t\t\t\t\t\t\t\t\t\t\t\t<\/div>\n\t\t\t\t<\/div>\n\t\t\t\t\t<\/div>\n\t\t<\/div>\n\t\t\t\t\t\t\t<\/div>\n\t\t<\/div>\n\t\t\t\t<div class=\"elementor-section elementor-top-section elementor-element elementor-element-27474a8 elementor-section-boxed elementor-section-height-default elementor-section-height-default\" data-id=\"27474a8\" data-element_type=\"section\">\n\t\t\t\t\t\t<div class=\"elementor-container elementor-column-gap-default\">\n\t\t\t\t\t<div class=\"elementor-column elementor-col-100 elementor-top-column elementor-element elementor-element-dbc123c\" data-id=\"dbc123c\" data-element_type=\"column\">\n\t\t\t<div class=\"elementor-widget-wrap elementor-element-populated\">\n\t\t\t\t\t\t\t\t<div class=\"elementor-element elementor-element-c8e062c elementor-widget elementor-widget-text-editor\" data-id=\"c8e062c\" data-element_type=\"widget\" data-widget_type=\"text-editor.default\">\n\t\t\t\t<div class=\"elementor-widget-container\">\n\t\t\t<style>\/*! elementor - v3.10.1 - 17-01-2023 *\/\n.elementor-widget-text-editor.elementor-drop-cap-view-stacked .elementor-drop-cap{background-color:#818a91;color:#fff}.elementor-widget-text-editor.elementor-drop-cap-view-framed .elementor-drop-cap{color:#818a91;border:3px solid;background-color:transparent}.elementor-widget-text-editor:not(.elementor-drop-cap-view-default) .elementor-drop-cap{margin-top:8px}.elementor-widget-text-editor:not(.elementor-drop-cap-view-default) .elementor-drop-cap-letter{width:1em;height:1em}.elementor-widget-text-editor .elementor-drop-cap{float:left;text-align:center;line-height:1;font-size:50px}.elementor-widget-text-editor .elementor-drop-cap-letter{display:inline-block}<\/style>\t\t\t\t<p><strong>Dotorezia eta bakuntasuna<\/strong> dira paretako osagarri honen ezaugarri nagusiak. Zeramikazko akabera du eta hainbat koloretan dago eskuragarri. Beraz, <strong>diseinu-objektu<\/strong> oso egokia da horma biluziak apaintzeko, eta <strong>nortasuna eta dotorezia<\/strong> ematen ditu, giro atsegina sortzeaz gain. Zenbakirik ez duenez, estilo garaikidea agerikoa da, eta nabarmendu egiten dira zeramikaren koloreak.<\/p><p><strong>Materiala<\/strong>: Zeramica.<br \/><strong>Neurriak<\/strong>:<br \/><strong>\u00a0&#8211; Diametroa (cm)<\/strong>: 52<br \/><strong>\u00a0&#8211; Lodiera (cm)<\/strong>: 3<br \/><strong>Bateriak<\/strong>: 1 x AA (ez daude barnean)<\/p>\t\t\t\t\t\t<\/div>\n\t\t\t\t<\/div>\n\t\t\t\t\t<\/div>\n\t\t<\/div>\n\t\t\t\t\t\t\t<\/div>\n\t\t<\/div>\n\t\t\t\t<div class=\"elementor-section elementor-top-section elementor-element elementor-element-80be45e elementor-section-boxed elementor-section-height-default elementor-section-height-default\" data-id=\"80be45e\" data-element_type=\"section\">\n\t\t\t\t\t\t<div class=\"elementor-container elementor-column-gap-default\">\n\t\t\t\t\t<div class=\"elementor-column elementor-col-100 elementor-top-column elementor-element elementor-element-023e62d\" data-id=\"023e62d\" data-element_type=\"column\">\n\t\t\t<div class=\"elementor-widget-wrap elementor-element-populated\">\n\t\t\t\t\t\t\t\t<div class=\"elementor-element elementor-element-a78346c elementor-widget elementor-widget-image\" data-id=\"a78346c\" data-element_type=\"widget\" data-widget_type=\"image.default\">\n\t\t\t\t<div class=\"elementor-widget-container\">\n\t\t\t\t\t\t\t\t\t\t\t\t\t\t\t<img decoding=\"async\" width=\"770\" height=\"799\" src=\"https:\/\/nure-design.com\/wp-content\/uploads\/2023\/03\/ClockMedidas2-EU.png\" class=\"attachment-large size-large wp-image-8401\" alt=\"\" loading=\"lazy\" srcset=\"https:\/\/nure-design.com\/wp-content\/uploads\/2023\/03\/ClockMedidas2-EU.png 770w, https:\/\/nure-design.com\/wp-content\/uploads\/2023\/03\/ClockMedidas2-EU-289x300.png 289w, https:\/\/nure-design.com\/wp-content\/uploads\/2023\/03\/ClockMedidas2-EU-768x797.png 768w\" sizes=\"(max-width: 770px) 100vw, 770px\" \/>\t\t\t\t\t\t\t\t\t\t\t\t\t\t\t<\/div>\n\t\t\t\t<\/div>\n\t\t\t\t\t<\/div>\n\t\t<\/div>\n\t\t\t\t\t\t\t<\/div>\n\t\t<\/div>\n\t\t\t\t<div class=\"elementor-section elementor-top-section elementor-element elementor-element-37464d4 elementor-section-boxed elementor-section-height-default elementor-section-height-default\" data-id=\"37464d4\" data-element_type=\"section\">\n\t\t\t\t\t\t<div class=\"elementor-container elementor-column-gap-default\">\n\t\t\t\t\t<div class=\"elementor-column elementor-col-100 elementor-top-column elementor-element elementor-element-4b658c3\" data-id=\"4b658c3\" data-element_type=\"column\">\n\t\t\t<div class=\"elementor-widget-wrap elementor-element-populated\">\n\t\t\t\t\t\t\t\t<div class=\"elementor-element elementor-element-664fe06 elementor-align-center elementor-widget elementor-widget-button\" data-id=\"664fe06\" data-element_type=\"widget\" data-widget_type=\"button.default\">\n\t\t\t\t<div class=\"elementor-widget-container\">\n\t\t\t\t\t<div class=\"elementor-button-wrapper\">\n\t\t\t<a href=\"\/eu\/product\/nohe-erlojua\/\" class=\"elementor-button-link elementor-button elementor-size-sm\" role=\"button\">\n\t\t\t\t\t\t<span class=\"elementor-button-content-wrapper\">\n\t\t\t\t\t\t<span class=\"elementor-button-text\">ZURE ERLOJUA KONFIGURATU<\/span>\n\t\t<\/span>\n\t\t\t\t\t<\/a>\n\t\t<\/div>\n\t\t\t\t<\/div>\n\t\t\t\t<\/div>\n\t\t\t\t\t<\/div>\n\t\t<\/div>\n\t\t\t\t\t\t\t<\/div>\n\t\t<\/div>\n\t\t\t\t\t\t\t<\/div>\n\t\t","protected":false},"excerpt":{"rendered":"<p>Dotorezia eta bakuntasuna dira paretako osagarri honen ezaugarri nagusiak. Zeramikazko akabera du eta hainbat koloretan dago eskuragarri. Beraz, diseinu-objektu oso egokia da horma biluziak apaintzeko, eta nortasuna eta dotorezia ematen ditu, giro atsegina sortzeaz gain. Zenbakirik ez duenez, estilo garaikidea agerikoa da, eta nabarmendu egiten dira zeramikaren koloreak. Materiala: Zeramica.Neurriak:\u00a0&#8211; Diametroa (cm): 52\u00a0&#8211; Lodiera (cm): 3Bateriak: 1 x AA (ez\u2026<\/p>\n","protected":false},"author":1,"featured_media":0,"parent":6707,"menu_order":0,"comment_status":"closed","ping_status":"closed","template":"","meta":[],"acf":[],"yoast_head":"<!-- This site is optimized with the Yoast SEO plugin v19.4 - https:\/\/yoast.com\/wordpress\/plugins\/seo\/ -->\n<title>NOHE Erlojua en cer\u00e1mica - Nure Design<\/title>\n<meta name=\"description\" content=\"Relojes de dise\u00f1o en materiales cer\u00e1micos de gran valor est\u00e9tico para ambientes de cocina, sal\u00f3n, hosteler\u00eda u oficina.\" \/>\n<meta name=\"robots\" content=\"index, follow, max-snippet:-1, max-image-preview:large, max-video-preview:-1\" \/>\n<link rel=\"canonical\" href=\"https:\/\/nure-design.com\/eu\/nure-produktuak\/nohe-erlojua\/\" \/>\n<meta property=\"og:locale\" content=\"eu_ES\" \/>\n<meta property=\"og:type\" content=\"article\" \/>\n<meta property=\"og:title\" content=\"NOHE Erlojua en cer\u00e1mica - Nure Design\" \/>\n<meta property=\"og:description\" content=\"Relojes de dise\u00f1o en materiales cer\u00e1micos de gran valor est\u00e9tico para ambientes de cocina, sal\u00f3n, hosteler\u00eda u oficina.\" \/>\n<meta property=\"og:url\" content=\"https:\/\/nure-design.com\/eu\/nure-produktuak\/nohe-erlojua\/\" \/>\n<meta property=\"og:site_name\" content=\"Nure Design\" \/>\n<meta property=\"article:modified_time\" content=\"2023-03-28T09:55:09+00:00\" \/>\n<meta property=\"og:image\" content=\"https:\/\/nure-design.com\/wp-content\/uploads\/2022\/11\/RelojesNOHE.png\" \/>\n<meta name=\"twitter:card\" content=\"summary_large_image\" \/>\n<meta name=\"twitter:label1\" content=\"Est. reading time\" \/>\n\t<meta name=\"twitter:data1\" content=\"1 minute\" \/>\n<script type=\"application\/ld+json\" class=\"yoast-schema-graph\">{\"@context\":\"https:\/\/schema.org\",\"@graph\":[{\"@type\":\"WebSite\",\"@id\":\"https:\/\/nure-design.com\/eu\/#website\",\"url\":\"https:\/\/nure-design.com\/eu\/\",\"name\":\"Nure Design\",\"description\":\"Mesas y relojes de dise\u00f1o\",\"potentialAction\":[{\"@type\":\"SearchAction\",\"target\":{\"@type\":\"EntryPoint\",\"urlTemplate\":\"https:\/\/nure-design.com\/eu\/?s={search_term_string}\"},\"query-input\":\"required name=search_term_string\"}],\"inLanguage\":\"eu-ES\"},{\"@type\":\"WebPage\",\"@id\":\"https:\/\/nure-design.com\/eu\/nure-produktuak\/nohe-erlojua\/\",\"url\":\"https:\/\/nure-design.com\/eu\/nure-produktuak\/nohe-erlojua\/\",\"name\":\"NOHE Erlojua en cer\u00e1mica - Nure Design\",\"isPartOf\":{\"@id\":\"https:\/\/nure-design.com\/eu\/#website\"},\"datePublished\":\"2022-09-08T12:11:49+00:00\",\"dateModified\":\"2023-03-28T09:55:09+00:00\",\"description\":\"Relojes de dise\u00f1o en materiales cer\u00e1micos de gran valor est\u00e9tico para ambientes de cocina, sal\u00f3n, hosteler\u00eda u oficina.\",\"breadcrumb\":{\"@id\":\"https:\/\/nure-design.com\/eu\/nure-produktuak\/nohe-erlojua\/#breadcrumb\"},\"inLanguage\":\"eu-ES\",\"potentialAction\":[{\"@type\":\"ReadAction\",\"target\":[\"https:\/\/nure-design.com\/eu\/nure-produktuak\/nohe-erlojua\/\"]}]},{\"@type\":\"BreadcrumbList\",\"@id\":\"https:\/\/nure-design.com\/eu\/nure-produktuak\/nohe-erlojua\/#breadcrumb\",\"itemListElement\":[{\"@type\":\"ListItem\",\"position\":1,\"name\":\"Home\",\"item\":\"https:\/\/nure-design.com\/eu\/\"},{\"@type\":\"ListItem\",\"position\":2,\"name\":\"Produktuak\",\"item\":\"https:\/\/nure-design.com\/eu\/nure-produits\/\"},{\"@type\":\"ListItem\",\"position\":3,\"name\":\"NOHE Erlojua\"}]}]}<\/script>\n<!-- \/ Yoast SEO plugin. -->","yoast_head_json":{"title":"NOHE Erlojua en cer\u00e1mica - Nure Design","description":"Relojes de dise\u00f1o en materiales cer\u00e1micos de gran valor est\u00e9tico para ambientes de cocina, sal\u00f3n, hosteler\u00eda u oficina.","robots":{"index":"index","follow":"follow","max-snippet":"max-snippet:-1","max-image-preview":"max-image-preview:large","max-video-preview":"max-video-preview:-1"},"canonical":"https:\/\/nure-design.com\/eu\/nure-produktuak\/nohe-erlojua\/","og_locale":"eu_ES","og_type":"article","og_title":"NOHE Erlojua en cer\u00e1mica - Nure Design","og_description":"Relojes de dise\u00f1o en materiales cer\u00e1micos de gran valor est\u00e9tico para ambientes de cocina, sal\u00f3n, hosteler\u00eda u oficina.","og_url":"https:\/\/nure-design.com\/eu\/nure-produktuak\/nohe-erlojua\/","og_site_name":"Nure Design","article_modified_time":"2023-03-28T09:55:09+00:00","og_image":[{"url":"https:\/\/nure-design.com\/wp-content\/uploads\/2022\/11\/RelojesNOHE.png"}],"twitter_card":"summary_large_image","twitter_misc":{"Est. reading time":"1 minute"},"schema":{"@context":"https:\/\/schema.org","@graph":[{"@type":"WebSite","@id":"https:\/\/nure-design.com\/eu\/#website","url":"https:\/\/nure-design.com\/eu\/","name":"Nure Design","description":"Mesas y relojes de dise\u00f1o","potentialAction":[{"@type":"SearchAction","target":{"@type":"EntryPoint","urlTemplate":"https:\/\/nure-design.com\/eu\/?s={search_term_string}"},"query-input":"required name=search_term_string"}],"inLanguage":"eu-ES"},{"@type":"WebPage","@id":"https:\/\/nure-design.com\/eu\/nure-produktuak\/nohe-erlojua\/","url":"https:\/\/nure-design.com\/eu\/nure-produktuak\/nohe-erlojua\/","name":"NOHE Erlojua en cer\u00e1mica - Nure Design","isPartOf":{"@id":"https:\/\/nure-design.com\/eu\/#website"},"datePublished":"2022-09-08T12:11:49+00:00","dateModified":"2023-03-28T09:55:09+00:00","description":"Relojes de dise\u00f1o en materiales cer\u00e1micos de gran valor est\u00e9tico para ambientes de cocina, sal\u00f3n, hosteler\u00eda u oficina.","breadcrumb":{"@id":"https:\/\/nure-design.com\/eu\/nure-produktuak\/nohe-erlojua\/#breadcrumb"},"inLanguage":"eu-ES","potentialAction":[{"@type":"ReadAction","target":["https:\/\/nure-design.com\/eu\/nure-produktuak\/nohe-erlojua\/"]}]},{"@type":"BreadcrumbList","@id":"https:\/\/nure-design.com\/eu\/nure-produktuak\/nohe-erlojua\/#breadcrumb","itemListElement":[{"@type":"ListItem","position":1,"name":"Home","item":"https:\/\/nure-design.com\/eu\/"},{"@type":"ListItem","position":2,"name":"Produktuak","item":"https:\/\/nure-design.com\/eu\/nure-produits\/"},{"@type":"ListItem","position":3,"name":"NOHE Erlojua"}]}]}},"_links":{"self":[{"href":"https:\/\/nure-design.com\/eu\/wp-json\/wp\/v2\/pages\/6698"}],"collection":[{"href":"https:\/\/nure-design.com\/eu\/wp-json\/wp\/v2\/pages"}],"about":[{"href":"https:\/\/nure-design.com\/eu\/wp-json\/wp\/v2\/types\/page"}],"author":[{"embeddable":true,"href":"https:\/\/nure-design.com\/eu\/wp-json\/wp\/v2\/users\/1"}],"replies":[{"embeddable":true,"href":"https:\/\/nure-design.com\/eu\/wp-json\/wp\/v2\/comments?post=6698"}],"version-history":[{"count":19,"href":"https:\/\/nure-design.com\/eu\/wp-json\/wp\/v2\/pages\/6698\/revisions"}],"predecessor-version":[{"id":8407,"href":"https:\/\/nure-design.com\/eu\/wp-json\/wp\/v2\/pages\/6698\/revisions\/8407"}],"up":[{"embeddable":true,"href":"https:\/\/nure-design.com\/eu\/wp-json\/wp\/v2\/pages\/6707"}],"wp:attachment":[{"href":"https:\/\/nure-design.com\/eu\/wp-json\/wp\/v2\/media?parent=6698"}],"curies":[{"name":"wp","href":"https:\/\/api.w.org\/{rel}","templated":true}]}}