{"id":4748,"date":"2022-12-09T17:37:32","date_gmt":"2022-12-09T15:37:32","guid":{"rendered":"https:\/\/nure-design.com\/?post_type=product&#038;p=4748"},"modified":"2023-02-14T11:13:08","modified_gmt":"2023-02-14T09:13:08","slug":"mesa-lua","status":"publish","type":"product","link":"https:\/\/nure-design.com\/en\/producto\/mesa-lua\/","title":{"rendered":"Mesa LUA"},"content":{"rendered":"\t\t<div data-elementor-type=\"wp-post\" data-elementor-id=\"4748\" class=\"elementor elementor-4748\">\n\t\t\t\t\t\t\t\t\t<div class=\"elementor-section elementor-top-section elementor-element elementor-element-78b98d6 elementor-section-boxed elementor-section-height-default elementor-section-height-default\" data-id=\"78b98d6\" data-element_type=\"section\">\n\t\t\t\t\t\t<div class=\"elementor-container elementor-column-gap-default\">\n\t\t\t\t\t<div class=\"elementor-column elementor-col-100 elementor-top-column elementor-element elementor-element-4ea1fde\" data-id=\"4ea1fde\" data-element_type=\"column\">\n\t\t\t<div class=\"elementor-widget-wrap elementor-element-populated\">\n\t\t\t\t\t\t\t\t<div class=\"elementor-element elementor-element-db3d37d elementor-widget elementor-widget-text-editor\" data-id=\"db3d37d\" data-element_type=\"widget\" data-widget_type=\"text-editor.default\">\n\t\t\t\t<div class=\"elementor-widget-container\">\n\t\t\t<style>\/*! elementor - v3.10.1 - 17-01-2023 *\/\n.elementor-widget-text-editor.elementor-drop-cap-view-stacked .elementor-drop-cap{background-color:#818a91;color:#fff}.elementor-widget-text-editor.elementor-drop-cap-view-framed .elementor-drop-cap{color:#818a91;border:3px solid;background-color:transparent}.elementor-widget-text-editor:not(.elementor-drop-cap-view-default) .elementor-drop-cap{margin-top:8px}.elementor-widget-text-editor:not(.elementor-drop-cap-view-default) .elementor-drop-cap-letter{width:1em;height:1em}.elementor-widget-text-editor .elementor-drop-cap{float:left;text-align:center;line-height:1;font-size:50px}.elementor-widget-text-editor .elementor-drop-cap-letter{display:inline-block}<\/style>\t\t\t\t<p>Para m\u00e1s informaci\u00f3n, ver caracter\u00edsticas de la mesa LUA<b><a href=\"\/nure-productos\/mesa-lua\" target=\"_blank\" rel=\"noopener\">\u00a0aqu\u00ed<\/a>.<\/b><\/p>\t\t\t\t\t\t<\/div>\n\t\t\t\t<\/div>\n\t\t\t\t\t<\/div>\n\t\t<\/div>\n\t\t\t\t\t\t\t<\/div>\n\t\t<\/div>\n\t\t\t\t<div class=\"elementor-section elementor-top-section elementor-element elementor-element-e69ba49 elementor-section-boxed elementor-section-height-default elementor-section-height-default\" data-id=\"e69ba49\" data-element_type=\"section\">\n\t\t\t\t\t\t<div class=\"elementor-container elementor-column-gap-default\">\n\t\t\t\t\t<div class=\"elementor-column elementor-col-100 elementor-top-column elementor-element elementor-element-092c0e3\" data-id=\"092c0e3\" data-element_type=\"column\">\n\t\t\t<div class=\"elementor-widget-wrap elementor-element-populated\">\n\t\t\t\t\t\t\t\t<div class=\"elementor-element elementor-element-c8ecd44 elementor-widget elementor-widget-text-editor\" data-id=\"c8ecd44\" data-element_type=\"widget\" data-widget_type=\"text-editor.default\">\n\t\t\t\t<div class=\"elementor-widget-container\">\n\t\t\t\t\t\t\t<p><strong>M\u00c1S PRODUCTOS NURE<\/strong><\/p>\t\t\t\t\t\t<\/div>\n\t\t\t\t<\/div>\n\t\t\t\t\t<\/div>\n\t\t<\/div>\n\t\t\t\t\t\t\t<\/div>\n\t\t<\/div>\n\t\t\t\t<div class=\"elementor-section elementor-top-section elementor-element elementor-element-39a33d0 elementor-section-boxed elementor-section-height-default elementor-section-height-default\" data-id=\"39a33d0\" data-element_type=\"section\">\n\t\t\t\t\t\t<div class=\"elementor-container elementor-column-gap-default\">\n\t\t\t\t\t<div class=\"elementor-column elementor-col-50 elementor-top-column elementor-element elementor-element-dd35c24\" data-id=\"dd35c24\" data-element_type=\"column\">\n\t\t\t<div class=\"elementor-widget-wrap elementor-element-populated\">\n\t\t\t\t\t\t\t\t<div class=\"elementor-element elementor-element-7c5a7b3 elementor-widget elementor-widget-image\" data-id=\"7c5a7b3\" data-element_type=\"widget\" data-widget_type=\"image.default\">\n\t\t\t\t<div class=\"elementor-widget-container\">\n\t\t\t<style>\/*! elementor - v3.10.1 - 17-01-2023 *\/\n.elementor-widget-image{text-align:center}.elementor-widget-image a{display:inline-block}.elementor-widget-image a img[src$=\".svg\"]{width:48px}.elementor-widget-image img{vertical-align:middle;display:inline-block}<\/style>\t\t\t\t\t\t\t\t\t\t\t\t\t<a href=\"\/producto\/mesa-iru\/\">\n\t\t\t\t\t\t\t<img decoding=\"async\" src=\"http:\/\/nure-design.com\/wp-content\/uploads\/2022\/11\/Productos_MesaIRUr.png\" title=\"\" alt=\"\" loading=\"lazy\" \/>\t\t\t\t\t\t\t\t<\/a>\n\t\t\t\t\t\t\t\t\t\t\t\t\t\t\t<\/div>\n\t\t\t\t<\/div>\n\t\t\t\t\t<\/div>\n\t\t<\/div>\n\t\t\t\t<div class=\"elementor-column elementor-col-50 elementor-top-column elementor-element elementor-element-a05ac40\" data-id=\"a05ac40\" data-element_type=\"column\">\n\t\t\t<div class=\"elementor-widget-wrap elementor-element-populated\">\n\t\t\t\t\t\t\t\t<div class=\"elementor-element elementor-element-8cacd4a elementor-widget elementor-widget-image\" data-id=\"8cacd4a\" data-element_type=\"widget\" data-widget_type=\"image.default\">\n\t\t\t\t<div class=\"elementor-widget-container\">\n\t\t\t\t\t\t\t\t\t\t\t\t\t\t\t\t<a href=\"\/producto\/reloj-nohe\/\">\n\t\t\t\t\t\t\t<img decoding=\"async\" src=\"http:\/\/nure-design.com\/wp-content\/uploads\/2022\/11\/Productos_relojNOHEr.png\" title=\"\" alt=\"\" loading=\"lazy\" \/>\t\t\t\t\t\t\t\t<\/a>\n\t\t\t\t\t\t\t\t\t\t\t\t\t\t\t<\/div>\n\t\t\t\t<\/div>\n\t\t\t\t\t<\/div>\n\t\t<\/div>\n\t\t\t\t\t\t\t<\/div>\n\t\t<\/div>\n\t\t\t\t\t\t\t<\/div>\n\t\t","protected":false},"excerpt":{"rendered":"<p>Para m\u00e1s informaci\u00f3n, ver caracter\u00edsticas de la mesa LUA\u00a0aqu\u00ed. M\u00c1S PRODUCTOS NURE<\/p>\n","protected":false},"featured_media":4620,"template":"","meta":[],"product_cat":[17],"product_tag":[],"acf":[],"yoast_head":"<!-- This site is optimized with the Yoast SEO plugin v19.4 - https:\/\/yoast.com\/wordpress\/plugins\/seo\/ -->\n<title>Mesa LUA - Nure Design<\/title>\n<meta name=\"robots\" content=\"index, follow, max-snippet:-1, max-image-preview:large, max-video-preview:-1\" \/>\n<link rel=\"canonical\" href=\"https:\/\/nure-design.com\/en\/producto\/mesa-lua\/\" \/>\n<meta property=\"og:locale\" content=\"en_US\" \/>\n<meta property=\"og:type\" content=\"article\" \/>\n<meta property=\"og:title\" content=\"Mesa LUA - Nure Design\" \/>\n<meta property=\"og:description\" content=\"Para m\u00e1s informaci\u00f3n, ver caracter\u00edsticas de la mesa LUA\u00a0aqu\u00ed. M\u00c1S PRODUCTOS NURE\" \/>\n<meta property=\"og:url\" content=\"https:\/\/nure-design.com\/en\/producto\/mesa-lua\/\" \/>\n<meta property=\"og:site_name\" content=\"Nure Design\" \/>\n<meta property=\"article:modified_time\" content=\"2023-02-14T09:13:08+00:00\" \/>\n<meta property=\"og:image\" content=\"https:\/\/nure-design.com\/wp-content\/uploads\/2022\/11\/MesaLUAshop-e1674818584936.png\" \/>\n\t<meta property=\"og:image:width\" content=\"600\" \/>\n\t<meta property=\"og:image:height\" content=\"438\" \/>\n\t<meta property=\"og:image:type\" content=\"image\/png\" \/>\n<meta name=\"twitter:card\" content=\"summary_large_image\" \/>\n<meta name=\"twitter:label1\" content=\"Est. reading time\" \/>\n\t<meta name=\"twitter:data1\" content=\"1 minute\" \/>\n<script type=\"application\/ld+json\" class=\"yoast-schema-graph\">{\"@context\":\"https:\/\/schema.org\",\"@graph\":[{\"@type\":\"WebSite\",\"@id\":\"https:\/\/nure-design.com\/en\/#website\",\"url\":\"https:\/\/nure-design.com\/en\/\",\"name\":\"Nure Design\",\"description\":\"Mesas y relojes de dise\u00f1o\",\"potentialAction\":[{\"@type\":\"SearchAction\",\"target\":{\"@type\":\"EntryPoint\",\"urlTemplate\":\"https:\/\/nure-design.com\/en\/?s={search_term_string}\"},\"query-input\":\"required name=search_term_string\"}],\"inLanguage\":\"en-US\"},{\"@type\":\"WebPage\",\"@id\":\"https:\/\/nure-design.com\/en\/producto\/mesa-lua\/\",\"url\":\"https:\/\/nure-design.com\/en\/producto\/mesa-lua\/\",\"name\":\"Mesa LUA - Nure Design\",\"isPartOf\":{\"@id\":\"https:\/\/nure-design.com\/en\/#website\"},\"datePublished\":\"2022-12-09T15:37:32+00:00\",\"dateModified\":\"2023-02-14T09:13:08+00:00\",\"breadcrumb\":{\"@id\":\"https:\/\/nure-design.com\/en\/producto\/mesa-lua\/#breadcrumb\"},\"inLanguage\":\"en-US\",\"potentialAction\":[{\"@type\":\"ReadAction\",\"target\":[\"https:\/\/nure-design.com\/en\/producto\/mesa-lua\/\"]}]},{\"@type\":\"BreadcrumbList\",\"@id\":\"https:\/\/nure-design.com\/en\/producto\/mesa-lua\/#breadcrumb\",\"itemListElement\":[{\"@type\":\"ListItem\",\"position\":1,\"name\":\"Home\",\"item\":\"https:\/\/nure-design.com\/en\/\"},{\"@type\":\"ListItem\",\"position\":2,\"name\":\"Shop\",\"item\":\"https:\/\/nure-design.com\/en\/shop-2\/\"},{\"@type\":\"ListItem\",\"position\":3,\"name\":\"Mesa LUA\"}]}]}<\/script>\n<!-- \/ Yoast SEO plugin. -->","yoast_head_json":{"title":"Mesa LUA - Nure Design","robots":{"index":"index","follow":"follow","max-snippet":"max-snippet:-1","max-image-preview":"max-image-preview:large","max-video-preview":"max-video-preview:-1"},"canonical":"https:\/\/nure-design.com\/en\/producto\/mesa-lua\/","og_locale":"en_US","og_type":"article","og_title":"Mesa LUA - Nure Design","og_description":"Para m\u00e1s informaci\u00f3n, ver caracter\u00edsticas de la mesa LUA\u00a0aqu\u00ed. M\u00c1S PRODUCTOS NURE","og_url":"https:\/\/nure-design.com\/en\/producto\/mesa-lua\/","og_site_name":"Nure Design","article_modified_time":"2023-02-14T09:13:08+00:00","og_image":[{"width":600,"height":438,"url":"https:\/\/nure-design.com\/wp-content\/uploads\/2022\/11\/MesaLUAshop-e1674818584936.png","type":"image\/png"}],"twitter_card":"summary_large_image","twitter_misc":{"Est. reading time":"1 minute"},"schema":{"@context":"https:\/\/schema.org","@graph":[{"@type":"WebSite","@id":"https:\/\/nure-design.com\/en\/#website","url":"https:\/\/nure-design.com\/en\/","name":"Nure Design","description":"Mesas y relojes de dise\u00f1o","potentialAction":[{"@type":"SearchAction","target":{"@type":"EntryPoint","urlTemplate":"https:\/\/nure-design.com\/en\/?s={search_term_string}"},"query-input":"required name=search_term_string"}],"inLanguage":"en-US"},{"@type":"WebPage","@id":"https:\/\/nure-design.com\/en\/producto\/mesa-lua\/","url":"https:\/\/nure-design.com\/en\/producto\/mesa-lua\/","name":"Mesa LUA - Nure Design","isPartOf":{"@id":"https:\/\/nure-design.com\/en\/#website"},"datePublished":"2022-12-09T15:37:32+00:00","dateModified":"2023-02-14T09:13:08+00:00","breadcrumb":{"@id":"https:\/\/nure-design.com\/en\/producto\/mesa-lua\/#breadcrumb"},"inLanguage":"en-US","potentialAction":[{"@type":"ReadAction","target":["https:\/\/nure-design.com\/en\/producto\/mesa-lua\/"]}]},{"@type":"BreadcrumbList","@id":"https:\/\/nure-design.com\/en\/producto\/mesa-lua\/#breadcrumb","itemListElement":[{"@type":"ListItem","position":1,"name":"Home","item":"https:\/\/nure-design.com\/en\/"},{"@type":"ListItem","position":2,"name":"Shop","item":"https:\/\/nure-design.com\/en\/shop-2\/"},{"@type":"ListItem","position":3,"name":"Mesa LUA"}]}]}},"_links":{"self":[{"href":"https:\/\/nure-design.com\/en\/wp-json\/wp\/v2\/product\/4748"}],"collection":[{"href":"https:\/\/nure-design.com\/en\/wp-json\/wp\/v2\/product"}],"about":[{"href":"https:\/\/nure-design.com\/en\/wp-json\/wp\/v2\/types\/product"}],"version-history":[{"count":47,"href":"https:\/\/nure-design.com\/en\/wp-json\/wp\/v2\/product\/4748\/revisions"}],"predecessor-version":[{"id":6880,"href":"https:\/\/nure-design.com\/en\/wp-json\/wp\/v2\/product\/4748\/revisions\/6880"}],"wp:featuredmedia":[{"embeddable":true,"href":"https:\/\/nure-design.com\/en\/wp-json\/wp\/v2\/media\/4620"}],"wp:attachment":[{"href":"https:\/\/nure-design.com\/en\/wp-json\/wp\/v2\/media?parent=4748"}],"wp:term":[{"taxonomy":"product_cat","embeddable":true,"href":"https:\/\/nure-design.com\/en\/wp-json\/wp\/v2\/product_cat?post=4748"},{"taxonomy":"product_tag","embeddable":true,"href":"https:\/\/nure-design.com\/en\/wp-json\/wp\/v2\/product_tag?post=4748"}],"curies":[{"name":"wp","href":"https:\/\/api.w.org\/{rel}","templated":true}]}}