{"id":3819,"date":"2022-07-26T12:39:12","date_gmt":"2022-07-26T10:39:12","guid":{"rendered":"https:\/\/nure-design.com\/?post_type=product&#038;p=3819"},"modified":"2023-02-14T11:32:20","modified_gmt":"2023-02-14T09:32:20","slug":"mesa-iru","status":"publish","type":"product","link":"https:\/\/nure-design.com\/en\/producto\/mesa-iru\/","title":{"rendered":"Mesa IRU"},"content":{"rendered":"\t\t<div data-elementor-type=\"wp-post\" data-elementor-id=\"3819\" class=\"elementor elementor-3819\">\n\t\t\t\t\t\t\t\t\t<div class=\"elementor-section elementor-top-section elementor-element elementor-element-a7870f3 elementor-section-boxed elementor-section-height-default elementor-section-height-default\" data-id=\"a7870f3\" data-element_type=\"section\">\n\t\t\t\t\t\t<div class=\"elementor-container elementor-column-gap-default\">\n\t\t\t\t\t<div class=\"elementor-column elementor-col-100 elementor-top-column elementor-element elementor-element-d7de7b7\" data-id=\"d7de7b7\" data-element_type=\"column\">\n\t\t\t<div class=\"elementor-widget-wrap elementor-element-populated\">\n\t\t\t\t\t\t\t\t<div class=\"elementor-element elementor-element-ba2ebbb elementor-widget elementor-widget-text-editor\" data-id=\"ba2ebbb\" data-element_type=\"widget\" data-widget_type=\"text-editor.default\">\n\t\t\t\t<div class=\"elementor-widget-container\">\n\t\t\t<style>\/*! elementor - v3.10.1 - 17-01-2023 *\/\n.elementor-widget-text-editor.elementor-drop-cap-view-stacked .elementor-drop-cap{background-color:#818a91;color:#fff}.elementor-widget-text-editor.elementor-drop-cap-view-framed .elementor-drop-cap{color:#818a91;border:3px solid;background-color:transparent}.elementor-widget-text-editor:not(.elementor-drop-cap-view-default) .elementor-drop-cap{margin-top:8px}.elementor-widget-text-editor:not(.elementor-drop-cap-view-default) .elementor-drop-cap-letter{width:1em;height:1em}.elementor-widget-text-editor .elementor-drop-cap{float:left;text-align:center;line-height:1;font-size:50px}.elementor-widget-text-editor .elementor-drop-cap-letter{display:inline-block}<\/style>\t\t\t\t<p>Para m\u00e1s informaci\u00f3n, ver caracter\u00edsticas de la mesa IRU<b><a href=\"\/nure-productos\/mesa-iru\/\" target=\"_blank\" rel=\"noopener\">\u00a0aqu\u00ed<\/a>.<\/b><\/p>\t\t\t\t\t\t<\/div>\n\t\t\t\t<\/div>\n\t\t\t\t\t<\/div>\n\t\t<\/div>\n\t\t\t\t\t\t\t<\/div>\n\t\t<\/div>\n\t\t\t\t<div class=\"elementor-section elementor-top-section elementor-element elementor-element-472abdb elementor-section-boxed elementor-section-height-default elementor-section-height-default\" data-id=\"472abdb\" data-element_type=\"section\">\n\t\t\t\t\t\t<div class=\"elementor-container elementor-column-gap-default\">\n\t\t\t\t\t<div class=\"elementor-column elementor-col-100 elementor-top-column elementor-element elementor-element-ce6dafa\" data-id=\"ce6dafa\" data-element_type=\"column\">\n\t\t\t<div class=\"elementor-widget-wrap elementor-element-populated\">\n\t\t\t\t\t\t\t\t<div class=\"elementor-element elementor-element-dd2f026 elementor-widget elementor-widget-text-editor\" data-id=\"dd2f026\" data-element_type=\"widget\" data-widget_type=\"text-editor.default\">\n\t\t\t\t<div class=\"elementor-widget-container\">\n\t\t\t\t\t\t\t<p><strong>M\u00c1S PRODUCTOS NURE<\/strong><\/p>\t\t\t\t\t\t<\/div>\n\t\t\t\t<\/div>\n\t\t\t\t\t<\/div>\n\t\t<\/div>\n\t\t\t\t\t\t\t<\/div>\n\t\t<\/div>\n\t\t\t\t<div class=\"elementor-section elementor-top-section elementor-element elementor-element-6341269 elementor-section-boxed elementor-section-height-default elementor-section-height-default\" data-id=\"6341269\" data-element_type=\"section\">\n\t\t\t\t\t\t<div class=\"elementor-container elementor-column-gap-default\">\n\t\t\t\t\t<div class=\"elementor-column elementor-col-50 elementor-top-column elementor-element elementor-element-04c7e32\" data-id=\"04c7e32\" data-element_type=\"column\">\n\t\t\t<div class=\"elementor-widget-wrap elementor-element-populated\">\n\t\t\t\t\t\t\t\t<div class=\"elementor-element elementor-element-42faca1 elementor-widget elementor-widget-image\" data-id=\"42faca1\" data-element_type=\"widget\" data-widget_type=\"image.default\">\n\t\t\t\t<div class=\"elementor-widget-container\">\n\t\t\t<style>\/*! elementor - v3.10.1 - 17-01-2023 *\/\n.elementor-widget-image{text-align:center}.elementor-widget-image a{display:inline-block}.elementor-widget-image a img[src$=\".svg\"]{width:48px}.elementor-widget-image img{vertical-align:middle;display:inline-block}<\/style>\t\t\t\t\t\t\t\t\t\t\t\t\t<a href=\"\/producto\/mesa-lua\/\">\n\t\t\t\t\t\t\t<img decoding=\"async\" src=\"http:\/\/nure-design.com\/wp-content\/uploads\/2022\/11\/Productos_MesaLUAr.png\" title=\"\" alt=\"\" loading=\"lazy\" \/>\t\t\t\t\t\t\t\t<\/a>\n\t\t\t\t\t\t\t\t\t\t\t\t\t\t\t<\/div>\n\t\t\t\t<\/div>\n\t\t\t\t\t<\/div>\n\t\t<\/div>\n\t\t\t\t<div class=\"elementor-column elementor-col-50 elementor-top-column elementor-element elementor-element-478fb06\" data-id=\"478fb06\" data-element_type=\"column\">\n\t\t\t<div class=\"elementor-widget-wrap elementor-element-populated\">\n\t\t\t\t\t\t\t\t<div class=\"elementor-element elementor-element-3b888df elementor-widget elementor-widget-image\" data-id=\"3b888df\" data-element_type=\"widget\" data-widget_type=\"image.default\">\n\t\t\t\t<div class=\"elementor-widget-container\">\n\t\t\t\t\t\t\t\t\t\t\t\t\t\t\t\t<a href=\"\/producto\/reloj-nohe\/\">\n\t\t\t\t\t\t\t<img decoding=\"async\" src=\"http:\/\/nure-design.com\/wp-content\/uploads\/2022\/11\/Productos_relojNOHEr.png\" title=\"\" alt=\"\" loading=\"lazy\" \/>\t\t\t\t\t\t\t\t<\/a>\n\t\t\t\t\t\t\t\t\t\t\t\t\t\t\t<\/div>\n\t\t\t\t<\/div>\n\t\t\t\t\t<\/div>\n\t\t<\/div>\n\t\t\t\t\t\t\t<\/div>\n\t\t<\/div>\n\t\t\t\t\t\t\t<\/div>\n\t\t","protected":false},"excerpt":{"rendered":"<p>Para m\u00e1s informaci\u00f3n, ver caracter\u00edsticas de la mesa IRU\u00a0aqu\u00ed. M\u00c1S PRODUCTOS NURE<\/p>\n","protected":false},"featured_media":4581,"template":"","meta":[],"product_cat":[17],"product_tag":[],"acf":[],"yoast_head":"<!-- This site is optimized with the Yoast SEO plugin v19.4 - https:\/\/yoast.com\/wordpress\/plugins\/seo\/ -->\n<title>Mesa IRU - Nure Design<\/title>\n<meta name=\"robots\" content=\"index, follow, max-snippet:-1, max-image-preview:large, max-video-preview:-1\" \/>\n<link rel=\"canonical\" href=\"https:\/\/nure-design.com\/en\/producto\/mesa-iru\/\" \/>\n<meta property=\"og:locale\" content=\"en_US\" \/>\n<meta property=\"og:type\" content=\"article\" \/>\n<meta property=\"og:title\" content=\"Mesa IRU - Nure Design\" \/>\n<meta property=\"og:description\" content=\"Para m\u00e1s informaci\u00f3n, ver caracter\u00edsticas de la mesa IRU\u00a0aqu\u00ed. M\u00c1S PRODUCTOS NURE\" \/>\n<meta property=\"og:url\" content=\"https:\/\/nure-design.com\/en\/producto\/mesa-iru\/\" \/>\n<meta property=\"og:site_name\" content=\"Nure Design\" \/>\n<meta property=\"article:modified_time\" content=\"2023-02-14T09:32:20+00:00\" \/>\n<meta property=\"og:image\" content=\"https:\/\/nure-design.com\/wp-content\/uploads\/2022\/07\/MesaIRUshop-e1674818556580.png\" \/>\n\t<meta property=\"og:image:width\" content=\"600\" \/>\n\t<meta property=\"og:image:height\" content=\"438\" \/>\n\t<meta property=\"og:image:type\" content=\"image\/png\" \/>\n<meta name=\"twitter:card\" content=\"summary_large_image\" \/>\n<meta name=\"twitter:label1\" content=\"Est. reading time\" \/>\n\t<meta name=\"twitter:data1\" content=\"1 minute\" \/>\n<script type=\"application\/ld+json\" class=\"yoast-schema-graph\">{\"@context\":\"https:\/\/schema.org\",\"@graph\":[{\"@type\":\"WebSite\",\"@id\":\"https:\/\/nure-design.com\/en\/#website\",\"url\":\"https:\/\/nure-design.com\/en\/\",\"name\":\"Nure Design\",\"description\":\"Mesas y relojes de dise\u00f1o\",\"potentialAction\":[{\"@type\":\"SearchAction\",\"target\":{\"@type\":\"EntryPoint\",\"urlTemplate\":\"https:\/\/nure-design.com\/en\/?s={search_term_string}\"},\"query-input\":\"required name=search_term_string\"}],\"inLanguage\":\"en-US\"},{\"@type\":\"WebPage\",\"@id\":\"https:\/\/nure-design.com\/en\/producto\/mesa-iru\/\",\"url\":\"https:\/\/nure-design.com\/en\/producto\/mesa-iru\/\",\"name\":\"Mesa IRU - Nure Design\",\"isPartOf\":{\"@id\":\"https:\/\/nure-design.com\/en\/#website\"},\"datePublished\":\"2022-07-26T10:39:12+00:00\",\"dateModified\":\"2023-02-14T09:32:20+00:00\",\"breadcrumb\":{\"@id\":\"https:\/\/nure-design.com\/en\/producto\/mesa-iru\/#breadcrumb\"},\"inLanguage\":\"en-US\",\"potentialAction\":[{\"@type\":\"ReadAction\",\"target\":[\"https:\/\/nure-design.com\/en\/producto\/mesa-iru\/\"]}]},{\"@type\":\"BreadcrumbList\",\"@id\":\"https:\/\/nure-design.com\/en\/producto\/mesa-iru\/#breadcrumb\",\"itemListElement\":[{\"@type\":\"ListItem\",\"position\":1,\"name\":\"Home\",\"item\":\"https:\/\/nure-design.com\/en\/\"},{\"@type\":\"ListItem\",\"position\":2,\"name\":\"Shop\",\"item\":\"https:\/\/nure-design.com\/en\/shop-2\/\"},{\"@type\":\"ListItem\",\"position\":3,\"name\":\"Mesa IRU\"}]}]}<\/script>\n<!-- \/ Yoast SEO plugin. -->","yoast_head_json":{"title":"Mesa IRU - Nure Design","robots":{"index":"index","follow":"follow","max-snippet":"max-snippet:-1","max-image-preview":"max-image-preview:large","max-video-preview":"max-video-preview:-1"},"canonical":"https:\/\/nure-design.com\/en\/producto\/mesa-iru\/","og_locale":"en_US","og_type":"article","og_title":"Mesa IRU - Nure Design","og_description":"Para m\u00e1s informaci\u00f3n, ver caracter\u00edsticas de la mesa IRU\u00a0aqu\u00ed. M\u00c1S PRODUCTOS NURE","og_url":"https:\/\/nure-design.com\/en\/producto\/mesa-iru\/","og_site_name":"Nure Design","article_modified_time":"2023-02-14T09:32:20+00:00","og_image":[{"width":600,"height":438,"url":"https:\/\/nure-design.com\/wp-content\/uploads\/2022\/07\/MesaIRUshop-e1674818556580.png","type":"image\/png"}],"twitter_card":"summary_large_image","twitter_misc":{"Est. reading time":"1 minute"},"schema":{"@context":"https:\/\/schema.org","@graph":[{"@type":"WebSite","@id":"https:\/\/nure-design.com\/en\/#website","url":"https:\/\/nure-design.com\/en\/","name":"Nure Design","description":"Mesas y relojes de dise\u00f1o","potentialAction":[{"@type":"SearchAction","target":{"@type":"EntryPoint","urlTemplate":"https:\/\/nure-design.com\/en\/?s={search_term_string}"},"query-input":"required name=search_term_string"}],"inLanguage":"en-US"},{"@type":"WebPage","@id":"https:\/\/nure-design.com\/en\/producto\/mesa-iru\/","url":"https:\/\/nure-design.com\/en\/producto\/mesa-iru\/","name":"Mesa IRU - Nure Design","isPartOf":{"@id":"https:\/\/nure-design.com\/en\/#website"},"datePublished":"2022-07-26T10:39:12+00:00","dateModified":"2023-02-14T09:32:20+00:00","breadcrumb":{"@id":"https:\/\/nure-design.com\/en\/producto\/mesa-iru\/#breadcrumb"},"inLanguage":"en-US","potentialAction":[{"@type":"ReadAction","target":["https:\/\/nure-design.com\/en\/producto\/mesa-iru\/"]}]},{"@type":"BreadcrumbList","@id":"https:\/\/nure-design.com\/en\/producto\/mesa-iru\/#breadcrumb","itemListElement":[{"@type":"ListItem","position":1,"name":"Home","item":"https:\/\/nure-design.com\/en\/"},{"@type":"ListItem","position":2,"name":"Shop","item":"https:\/\/nure-design.com\/en\/shop-2\/"},{"@type":"ListItem","position":3,"name":"Mesa IRU"}]}]}},"_links":{"self":[{"href":"https:\/\/nure-design.com\/en\/wp-json\/wp\/v2\/product\/3819"}],"collection":[{"href":"https:\/\/nure-design.com\/en\/wp-json\/wp\/v2\/product"}],"about":[{"href":"https:\/\/nure-design.com\/en\/wp-json\/wp\/v2\/types\/product"}],"version-history":[{"count":38,"href":"https:\/\/nure-design.com\/en\/wp-json\/wp\/v2\/product\/3819\/revisions"}],"predecessor-version":[{"id":6887,"href":"https:\/\/nure-design.com\/en\/wp-json\/wp\/v2\/product\/3819\/revisions\/6887"}],"wp:featuredmedia":[{"embeddable":true,"href":"https:\/\/nure-design.com\/en\/wp-json\/wp\/v2\/media\/4581"}],"wp:attachment":[{"href":"https:\/\/nure-design.com\/en\/wp-json\/wp\/v2\/media?parent=3819"}],"wp:term":[{"taxonomy":"product_cat","embeddable":true,"href":"https:\/\/nure-design.com\/en\/wp-json\/wp\/v2\/product_cat?post=3819"},{"taxonomy":"product_tag","embeddable":true,"href":"https:\/\/nure-design.com\/en\/wp-json\/wp\/v2\/product_tag?post=3819"}],"curies":[{"name":"wp","href":"https:\/\/api.w.org\/{rel}","templated":true}]}}